{"id":9222,"date":"2026-01-11T13:14:20","date_gmt":"2026-01-11T13:14:20","guid":{"rendered":"https:\/\/velvetnira.com\/sklep\/t-shirt-herren-modell-17187-weiss-yournewstyle\/"},"modified":"2026-01-11T13:14:20","modified_gmt":"2026-01-11T13:14:20","slug":"t-shirt-herren-modell-17187-weiss-yournewstyle","status":"publish","type":"product","link":"https:\/\/velvetnira.com\/de\/sklep\/t-shirt-herren-modell-17187-weiss-yournewstyle\/","title":{"rendered":"T-Shirt Herren Modell 17187 Wei\u00df &#8211; YourNewStyle"},"content":{"rendered":"<p>Herren-T-Shirt mit kurzen \u00c4rmeln. Vorne interessanter Aufdruck. R\u00fcckseite glatt wei\u00df. <br \/> Zusammensetzung: 100% Baumwolle<\/p>\n","protected":false},"excerpt":{"rendered":"<p>Herren-T-Shirt mit kurzen \u00c4rmeln. Vorne interessanter Aufdruck. R\u00fcckseite glatt wei\u00df. Zusammensetzung: 100% Baumwolle<\/p>\n","protected":false},"featured_media":6218,"comment_status":"closed","ping_status":"open","template":"","meta":[],"etheme_brands":[],"product_brand":[],"product_cat":[266],"product_tag":[],"class_list":{"0":"post-9222","1":"product","2":"type-product","3":"status-publish","4":"has-post-thumbnail","6":"product_cat-t-shirts-und-polos","7":"pa_kolor-weiss","8":"pa_producent-yournewstyle","9":"pa_rozmiar-s","11":"first","12":"instock","13":"taxable","14":"shipping-taxable","15":"purchasable","16":"product-type-variable"},"_links":{"self":[{"href":"https:\/\/velvetnira.com\/de\/wp-json\/wp\/v2\/product\/9222","targetHints":{"allow":["GET"]}}],"collection":[{"href":"https:\/\/velvetnira.com\/de\/wp-json\/wp\/v2\/product"}],"about":[{"href":"https:\/\/velvetnira.com\/de\/wp-json\/wp\/v2\/types\/product"}],"replies":[{"embeddable":true,"href":"https:\/\/velvetnira.com\/de\/wp-json\/wp\/v2\/comments?post=9222"}],"version-history":[{"count":0,"href":"https:\/\/velvetnira.com\/de\/wp-json\/wp\/v2\/product\/9222\/revisions"}],"wp:featuredmedia":[{"embeddable":true,"href":"https:\/\/velvetnira.com\/de\/wp-json\/wp\/v2\/media\/6218"}],"wp:attachment":[{"href":"https:\/\/velvetnira.com\/de\/wp-json\/wp\/v2\/media?parent=9222"}],"wp:term":[{"taxonomy":"brand","embeddable":true,"href":"https:\/\/velvetnira.com\/de\/wp-json\/wp\/v2\/etheme_brands?post=9222"},{"taxonomy":"product_brand","embeddable":true,"href":"https:\/\/velvetnira.com\/de\/wp-json\/wp\/v2\/product_brand?post=9222"},{"taxonomy":"product_cat","embeddable":true,"href":"https:\/\/velvetnira.com\/de\/wp-json\/wp\/v2\/product_cat?post=9222"},{"taxonomy":"product_tag","embeddable":true,"href":"https:\/\/velvetnira.com\/de\/wp-json\/wp\/v2\/product_tag?post=9222"}],"curies":[{"name":"wp","href":"https:\/\/api.w.org\/{rel}","templated":true}]}}