{"id":9212,"date":"2026-01-11T13:13:13","date_gmt":"2026-01-11T13:13:13","guid":{"rendered":"https:\/\/velvetnira.com\/sklep\/herrenpyjama-modell-fearless-40685-24x-pfirsich-navy-henderson\/"},"modified":"2026-01-11T13:13:13","modified_gmt":"2026-01-11T13:13:13","slug":"herrenpyjama-modell-fearless-40685-24x-pfirsich-navy-henderson","status":"publish","type":"product","link":"https:\/\/velvetnira.com\/de\/sklep\/herrenpyjama-modell-fearless-40685-24x-pfirsich-navy-henderson\/","title":{"rendered":"Herrenpyjama Modell Fearless 40685-24X Pfirsich\/Navy &#8211; Henderson"},"content":{"rendered":"<p>Das modische zweiteilige Herrenpyjama FEARLESS ist ein besonderes Angebot f\u00fcr Herren, die originelle Muster und figurbetonte Schnitte m\u00f6gen. Das Set zieht die Aufmerksamkeit mit einem pfirsichfarbenen T-Shirt auf sich, das mit einem gro\u00dfen marineblauen Aufdruck verziert ist, der an Surfen in exotischen Weltgegenden erinnert. Die Farbe der Grafik harmoniert mit dem unteren Teil des Sets. Das weiche Baumwoll-Herrenpyjama FEARLESS ist mit einem bequemen Gummizug im Bund ausgestattet, wodurch es sich perfekt an die Figur anpasst. Das Ganze wurde aus hochwertiger hundertprozentiger Baumwolle gefertigt, die Tragekomfort und einen erholsamen Schlaf gew\u00e4hrleistet.<br \/>\n <br \/>Ma\u00dfe:<br \/>  Gr\u00f6\u00dfe M: Brust 94\u201398 cm, H\u00fcfte 98\u2013102 cm<br \/>  Gr\u00f6\u00dfe L: Brust 98\u2013102 cm, H\u00fcfte 102\u2013106 cm<br \/>  Gr\u00f6\u00dfe XL: Brust 102\u2013106 cm, H\u00fcfte 106\u2013110 cm<br \/>  Gr\u00f6\u00dfe XXL: Brust 106\u2013110 cm, H\u00fcfte 110\u2013114 cm <\/p>\n<div class=\"prod_data\">\n\t\t\t<strong>Baumwolle<\/strong> 100 % \t\t<\/div>\n","protected":false},"excerpt":{"rendered":"<p>Das modische zweiteilige Herrenpyjama FEARLESS ist ein besonderes Angebot f\u00fcr Herren, die originelle Muster und figurbetonte Schnitte m\u00f6gen. Das Set zieht die Aufmerksamkeit mit einem&#8230;<\/p>\n","protected":false},"featured_media":5658,"comment_status":"closed","ping_status":"open","template":"","meta":[],"etheme_brands":[],"product_brand":[],"product_cat":[269],"product_tag":[],"class_list":{"0":"post-9212","1":"product","2":"type-product","3":"status-publish","4":"has-post-thumbnail","6":"product_cat-bademaentel-und-pyjamas","7":"pa_kolor-rosa","8":"pa_producent-henderson","9":"pa_rozmiar-xxl","11":"first","12":"instock","13":"taxable","14":"shipping-taxable","15":"purchasable","16":"product-type-variable"},"_links":{"self":[{"href":"https:\/\/velvetnira.com\/de\/wp-json\/wp\/v2\/product\/9212","targetHints":{"allow":["GET"]}}],"collection":[{"href":"https:\/\/velvetnira.com\/de\/wp-json\/wp\/v2\/product"}],"about":[{"href":"https:\/\/velvetnira.com\/de\/wp-json\/wp\/v2\/types\/product"}],"replies":[{"embeddable":true,"href":"https:\/\/velvetnira.com\/de\/wp-json\/wp\/v2\/comments?post=9212"}],"version-history":[{"count":0,"href":"https:\/\/velvetnira.com\/de\/wp-json\/wp\/v2\/product\/9212\/revisions"}],"wp:featuredmedia":[{"embeddable":true,"href":"https:\/\/velvetnira.com\/de\/wp-json\/wp\/v2\/media\/5658"}],"wp:attachment":[{"href":"https:\/\/velvetnira.com\/de\/wp-json\/wp\/v2\/media?parent=9212"}],"wp:term":[{"taxonomy":"brand","embeddable":true,"href":"https:\/\/velvetnira.com\/de\/wp-json\/wp\/v2\/etheme_brands?post=9212"},{"taxonomy":"product_brand","embeddable":true,"href":"https:\/\/velvetnira.com\/de\/wp-json\/wp\/v2\/product_brand?post=9212"},{"taxonomy":"product_cat","embeddable":true,"href":"https:\/\/velvetnira.com\/de\/wp-json\/wp\/v2\/product_cat?post=9212"},{"taxonomy":"product_tag","embeddable":true,"href":"https:\/\/velvetnira.com\/de\/wp-json\/wp\/v2\/product_tag?post=9212"}],"curies":[{"name":"wp","href":"https:\/\/api.w.org\/{rel}","templated":true}]}}