{"id":9210,"date":"2026-01-11T13:13:12","date_gmt":"2026-01-11T13:13:12","guid":{"rendered":"https:\/\/velvetnira.com\/sklep\/herren-pyjama-modell-beast-40034-90x-grau-melange-navy-henderson\/"},"modified":"2026-01-11T13:13:12","modified_gmt":"2026-01-11T13:13:12","slug":"herren-pyjama-modell-beast-40034-90x-grau-melange-navy-henderson","status":"publish","type":"product","link":"https:\/\/velvetnira.com\/de\/sklep\/herren-pyjama-modell-beast-40034-90x-grau-melange-navy-henderson\/","title":{"rendered":"Herren-Pyjama Modell Beast 40034-90X Grau Melange\/Navy &#8211; Henderson"},"content":{"rendered":"<p>Der zweiteilige Herren-Pyjama HENDERSON BEAST ist ein bequemes Schlafset, das aus einem lockeren Langarmshirt und einer Hose mit langen Beinen besteht. Das Pyjama-Oberteil hat einen runden, flachen Ausschnitt, der, \u00e4hnlich wie die \u00c4rmel und der Saum des Shirts, mit einem breiten B\u00fcndchen versehen ist. Das Oberteil ist mit einem Aufdruck im Stil eines amerikanischen Nationalparks verziert. Die Hose hat einen elastischen Bund mit kontrastierenden Kordelz\u00fcgen zur Weitenregulierung. Die geraden Hosenbeine sind ebenfalls mit einem breiten B\u00fcndchen abgeschlossen. Das Set ist aus hochwertiger Baumwolle gefertigt, die ein angenehmes Tragegef\u00fchl und einen komfortablen Schlaf gew\u00e4hrleistet.<br \/>\n <br \/>Ma\u00dfe:<br \/>  Gr\u00f6\u00dfe M: Brust 94\u201398 cm, H\u00fcfte 98\u2013102 cm<br \/>  Gr\u00f6\u00dfe L: Brust 98\u2013102 cm, H\u00fcfte 102\u2013106 cm<br \/>  Gr\u00f6\u00dfe XL: Brust 102\u2013106 cm, H\u00fcfte 106\u2013110 cm<br \/>  Gr\u00f6\u00dfe XXL: Brust 106\u2013110 cm, H\u00fcfte 110\u2013114 cm <\/p>\n<div class=\"prod_data\">\n\t\t\t<strong>Baumwolle<\/strong> 100 % \t\t<\/div>\n","protected":false},"excerpt":{"rendered":"<p>Der zweiteilige Herren-Pyjama HENDERSON BEAST ist ein bequemes Schlafset, das aus einem lockeren Langarmshirt und einer Hose mit langen Beinen besteht. Das Pyjama-Oberteil hat einen&#8230;<\/p>\n","protected":false},"featured_media":5656,"comment_status":"closed","ping_status":"open","template":"","meta":[],"etheme_brands":[],"product_brand":[],"product_cat":[269],"product_tag":[],"class_list":{"0":"post-9210","1":"product","2":"type-product","3":"status-publish","4":"has-post-thumbnail","6":"product_cat-bademaentel-und-pyjamas","7":"pa_kolor-grau","8":"pa_producent-henderson","9":"pa_rozmiar-xxl","11":"first","12":"instock","13":"taxable","14":"shipping-taxable","15":"purchasable","16":"product-type-variable"},"_links":{"self":[{"href":"https:\/\/velvetnira.com\/de\/wp-json\/wp\/v2\/product\/9210","targetHints":{"allow":["GET"]}}],"collection":[{"href":"https:\/\/velvetnira.com\/de\/wp-json\/wp\/v2\/product"}],"about":[{"href":"https:\/\/velvetnira.com\/de\/wp-json\/wp\/v2\/types\/product"}],"replies":[{"embeddable":true,"href":"https:\/\/velvetnira.com\/de\/wp-json\/wp\/v2\/comments?post=9210"}],"version-history":[{"count":0,"href":"https:\/\/velvetnira.com\/de\/wp-json\/wp\/v2\/product\/9210\/revisions"}],"wp:featuredmedia":[{"embeddable":true,"href":"https:\/\/velvetnira.com\/de\/wp-json\/wp\/v2\/media\/5656"}],"wp:attachment":[{"href":"https:\/\/velvetnira.com\/de\/wp-json\/wp\/v2\/media?parent=9210"}],"wp:term":[{"taxonomy":"brand","embeddable":true,"href":"https:\/\/velvetnira.com\/de\/wp-json\/wp\/v2\/etheme_brands?post=9210"},{"taxonomy":"product_brand","embeddable":true,"href":"https:\/\/velvetnira.com\/de\/wp-json\/wp\/v2\/product_brand?post=9210"},{"taxonomy":"product_cat","embeddable":true,"href":"https:\/\/velvetnira.com\/de\/wp-json\/wp\/v2\/product_cat?post=9210"},{"taxonomy":"product_tag","embeddable":true,"href":"https:\/\/velvetnira.com\/de\/wp-json\/wp\/v2\/product_tag?post=9210"}],"curies":[{"name":"wp","href":"https:\/\/api.w.org\/{rel}","templated":true}]}}