{"id":9208,"date":"2026-01-11T13:13:13","date_gmt":"2026-01-11T13:13:13","guid":{"rendered":"https:\/\/velvetnira.com\/sklep\/herren-pyjama-modell-lid-38874-55x-blau-henderson\/"},"modified":"2026-01-11T13:13:13","modified_gmt":"2026-01-11T13:13:13","slug":"herren-pyjama-modell-lid-38874-55x-blau-henderson","status":"publish","type":"product","link":"https:\/\/velvetnira.com\/de\/sklep\/herren-pyjama-modell-lid-38874-55x-blau-henderson\/","title":{"rendered":"Herren-Pyjama Modell Lid 38874-55X Blau &#8211; Henderson"},"content":{"rendered":"<p>Sehr bequemer, zweiteiliger Herren-Pyjama aus der neuen Kollektion der Marke Henderson, der schnell Fans gewinnt. Im Set ein bequemes T-Shirt in Fr\u00fchlingsfarbe mit Aufdruck in der Mitte sowie Shorts mit effektvollem, modernem Karomuster. Ein Vorschlag, der Anerkennung verdient.   <br \/>Ma\u00dfe<br \/> Gr\u00f6\u00dfe M: Brust 94-98 cm, H\u00fcfte 98-102 cm<br \/> Gr\u00f6\u00dfe L: Brust 98-102 cm, H\u00fcfte 102-106 cm<br \/> Gr\u00f6\u00dfe XL: Brust 102-106 cm, H\u00fcfte 106-110 cm<br \/> Gr\u00f6\u00dfe XXL: Brust 106-110 cm, H\u00fcfte 110-114 cm <\/p>\n<div class=\"prod_data\">\n\t\t\t<strong>Baumwolle<\/strong> 100 % \t\t<\/div>\n","protected":false},"excerpt":{"rendered":"<p>Sehr bequemer, zweiteiliger Herren-Pyjama aus der neuen Kollektion der Marke Henderson, der schnell Fans gewinnt. Im Set ein bequemes T-Shirt in Fr\u00fchlingsfarbe mit Aufdruck in&#8230;<\/p>\n","protected":false},"featured_media":5661,"comment_status":"closed","ping_status":"open","template":"","meta":[],"etheme_brands":[],"product_brand":[],"product_cat":[269],"product_tag":[],"class_list":{"0":"post-9208","1":"product","2":"type-product","3":"status-publish","4":"has-post-thumbnail","6":"product_cat-bademaentel-und-pyjamas","7":"pa_kolor-blau","8":"pa_producent-henderson","9":"pa_rozmiar-xxl","11":"first","12":"instock","13":"taxable","14":"shipping-taxable","15":"purchasable","16":"product-type-variable"},"_links":{"self":[{"href":"https:\/\/velvetnira.com\/de\/wp-json\/wp\/v2\/product\/9208","targetHints":{"allow":["GET"]}}],"collection":[{"href":"https:\/\/velvetnira.com\/de\/wp-json\/wp\/v2\/product"}],"about":[{"href":"https:\/\/velvetnira.com\/de\/wp-json\/wp\/v2\/types\/product"}],"replies":[{"embeddable":true,"href":"https:\/\/velvetnira.com\/de\/wp-json\/wp\/v2\/comments?post=9208"}],"version-history":[{"count":0,"href":"https:\/\/velvetnira.com\/de\/wp-json\/wp\/v2\/product\/9208\/revisions"}],"wp:featuredmedia":[{"embeddable":true,"href":"https:\/\/velvetnira.com\/de\/wp-json\/wp\/v2\/media\/5661"}],"wp:attachment":[{"href":"https:\/\/velvetnira.com\/de\/wp-json\/wp\/v2\/media?parent=9208"}],"wp:term":[{"taxonomy":"brand","embeddable":true,"href":"https:\/\/velvetnira.com\/de\/wp-json\/wp\/v2\/etheme_brands?post=9208"},{"taxonomy":"product_brand","embeddable":true,"href":"https:\/\/velvetnira.com\/de\/wp-json\/wp\/v2\/product_brand?post=9208"},{"taxonomy":"product_cat","embeddable":true,"href":"https:\/\/velvetnira.com\/de\/wp-json\/wp\/v2\/product_cat?post=9208"},{"taxonomy":"product_tag","embeddable":true,"href":"https:\/\/velvetnira.com\/de\/wp-json\/wp\/v2\/product_tag?post=9208"}],"curies":[{"name":"wp","href":"https:\/\/api.w.org\/{rel}","templated":true}]}}