{"id":9203,"date":"2026-01-11T13:13:05","date_gmt":"2026-01-11T13:13:05","guid":{"rendered":"https:\/\/velvetnira.com\/sklep\/herren-pyjama-modell-oxford-38285-59x-navy-red-henderson\/"},"modified":"2026-01-11T13:13:05","modified_gmt":"2026-01-11T13:13:05","slug":"herren-pyjama-modell-oxford-38285-59x-navy-red-henderson","status":"publish","type":"product","link":"https:\/\/velvetnira.com\/de\/sklep\/herren-pyjama-modell-oxford-38285-59x-navy-red-henderson\/","title":{"rendered":"Herren-Pyjama Modell Oxford 38285-59X Navy\/Red &#8211; Henderson"},"content":{"rendered":"<p>Marineblau-roter Herren-Pyjama aus der neuen Kollektion der Marke Henderson. Oberteil mit gummiertem Henderson Core-Aufdruck, mit 3D-Effekt (f\u00fchlbarer Aufdruck), stylisch und definitiv mit Charakter, kann dir auch als Homewear dienen. Hose mit Gummibund erg\u00e4nzt durch Bindeb\u00e4nder. <br \/>Zusammensetzung: T-Shirt 80% Baumwolle, 20% Polyester, Hose 100% Baumwolle. <\/p>\n<p>Ma\u00dfe<br \/> Gr\u00f6\u00dfe M: Brust 90-96 cm, Taille 82-88 cm<br \/> Gr\u00f6\u00dfe L: Brust 96-102 cm, Taille 90-96 cm<br \/> Gr\u00f6\u00dfe XL: Brust 102-108 cm, Taille 98-104 cm<br \/> Gr\u00f6\u00dfe XXL: Brust 108-114 cm, Taille 106-110 cm<br \/> Gr\u00f6\u00dfe XXXL: Brust 114-120 cm, Taille 112-116 cm<\/p>\n","protected":false},"excerpt":{"rendered":"<p>Marineblau-roter Herren-Pyjama aus der neuen Kollektion der Marke Henderson. Oberteil mit gummiertem Henderson Core-Aufdruck, mit 3D-Effekt (f\u00fchlbarer Aufdruck), stylisch und definitiv mit Charakter, kann dir&#8230;<\/p>\n","protected":false},"featured_media":5604,"comment_status":"closed","ping_status":"open","template":"","meta":[],"etheme_brands":[],"product_brand":[],"product_cat":[269],"product_tag":[],"class_list":{"0":"post-9203","1":"product","2":"type-product","3":"status-publish","4":"has-post-thumbnail","6":"product_cat-bademaentel-und-pyjamas","7":"pa_kolor-marineblau","8":"pa_producent-henderson","9":"pa_rozmiar-m","10":"pa_rozmiar-xxl","12":"first","13":"instock","14":"taxable","15":"shipping-taxable","16":"purchasable","17":"product-type-variable"},"_links":{"self":[{"href":"https:\/\/velvetnira.com\/de\/wp-json\/wp\/v2\/product\/9203","targetHints":{"allow":["GET"]}}],"collection":[{"href":"https:\/\/velvetnira.com\/de\/wp-json\/wp\/v2\/product"}],"about":[{"href":"https:\/\/velvetnira.com\/de\/wp-json\/wp\/v2\/types\/product"}],"replies":[{"embeddable":true,"href":"https:\/\/velvetnira.com\/de\/wp-json\/wp\/v2\/comments?post=9203"}],"version-history":[{"count":0,"href":"https:\/\/velvetnira.com\/de\/wp-json\/wp\/v2\/product\/9203\/revisions"}],"wp:featuredmedia":[{"embeddable":true,"href":"https:\/\/velvetnira.com\/de\/wp-json\/wp\/v2\/media\/5604"}],"wp:attachment":[{"href":"https:\/\/velvetnira.com\/de\/wp-json\/wp\/v2\/media?parent=9203"}],"wp:term":[{"taxonomy":"brand","embeddable":true,"href":"https:\/\/velvetnira.com\/de\/wp-json\/wp\/v2\/etheme_brands?post=9203"},{"taxonomy":"product_brand","embeddable":true,"href":"https:\/\/velvetnira.com\/de\/wp-json\/wp\/v2\/product_brand?post=9203"},{"taxonomy":"product_cat","embeddable":true,"href":"https:\/\/velvetnira.com\/de\/wp-json\/wp\/v2\/product_cat?post=9203"},{"taxonomy":"product_tag","embeddable":true,"href":"https:\/\/velvetnira.com\/de\/wp-json\/wp\/v2\/product_tag?post=9203"}],"curies":[{"name":"wp","href":"https:\/\/api.w.org\/{rel}","templated":true}]}}