{"id":9200,"date":"2026-01-11T13:14:21","date_gmt":"2026-01-11T13:14:21","guid":{"rendered":"https:\/\/velvetnira.com\/sklep\/t-shirt-herren-modell-17191-black-white-yournewstyle\/"},"modified":"2026-01-11T13:14:21","modified_gmt":"2026-01-11T13:14:21","slug":"t-shirt-herren-modell-17191-black-white-yournewstyle","status":"publish","type":"product","link":"https:\/\/velvetnira.com\/de\/sklep\/t-shirt-herren-modell-17191-black-white-yournewstyle\/","title":{"rendered":"T-Shirt Herren Modell 17191 Black\/White &#8211; YourNewStyle"},"content":{"rendered":"<p>Herren-T-Shirt mit kurzem \u00c4rmel. Vorderseite und \u00c4rmel in Schwarz und Wei\u00df. <br \/> Zusammensetzung: 100% Baumwolle<\/p>\n","protected":false},"excerpt":{"rendered":"<p>Herren-T-Shirt mit kurzem \u00c4rmel. Vorderseite und \u00c4rmel in Schwarz und Wei\u00df. Zusammensetzung: 100% Baumwolle<\/p>\n","protected":false},"featured_media":6226,"comment_status":"closed","ping_status":"open","template":"","meta":[],"etheme_brands":[],"product_brand":[],"product_cat":[266],"product_tag":[],"class_list":{"0":"post-9200","1":"product","2":"type-product","3":"status-publish","4":"has-post-thumbnail","6":"product_cat-t-shirts-und-polos","7":"pa_kolor-schwarz","8":"pa_producent-yournewstyle","9":"pa_rozmiar-s","11":"first","12":"instock","13":"taxable","14":"shipping-taxable","15":"purchasable","16":"product-type-variable"},"_links":{"self":[{"href":"https:\/\/velvetnira.com\/de\/wp-json\/wp\/v2\/product\/9200","targetHints":{"allow":["GET"]}}],"collection":[{"href":"https:\/\/velvetnira.com\/de\/wp-json\/wp\/v2\/product"}],"about":[{"href":"https:\/\/velvetnira.com\/de\/wp-json\/wp\/v2\/types\/product"}],"replies":[{"embeddable":true,"href":"https:\/\/velvetnira.com\/de\/wp-json\/wp\/v2\/comments?post=9200"}],"version-history":[{"count":0,"href":"https:\/\/velvetnira.com\/de\/wp-json\/wp\/v2\/product\/9200\/revisions"}],"wp:featuredmedia":[{"embeddable":true,"href":"https:\/\/velvetnira.com\/de\/wp-json\/wp\/v2\/media\/6226"}],"wp:attachment":[{"href":"https:\/\/velvetnira.com\/de\/wp-json\/wp\/v2\/media?parent=9200"}],"wp:term":[{"taxonomy":"brand","embeddable":true,"href":"https:\/\/velvetnira.com\/de\/wp-json\/wp\/v2\/etheme_brands?post=9200"},{"taxonomy":"product_brand","embeddable":true,"href":"https:\/\/velvetnira.com\/de\/wp-json\/wp\/v2\/product_brand?post=9200"},{"taxonomy":"product_cat","embeddable":true,"href":"https:\/\/velvetnira.com\/de\/wp-json\/wp\/v2\/product_cat?post=9200"},{"taxonomy":"product_tag","embeddable":true,"href":"https:\/\/velvetnira.com\/de\/wp-json\/wp\/v2\/product_tag?post=9200"}],"curies":[{"name":"wp","href":"https:\/\/api.w.org\/{rel}","templated":true}]}}