{"id":9186,"date":"2026-01-11T13:14:56","date_gmt":"2026-01-11T13:14:56","guid":{"rendered":"https:\/\/velvetnira.com\/sklep\/herren-t-shirt-modell-luca-1502-white-teyli\/"},"modified":"2026-01-11T13:14:56","modified_gmt":"2026-01-11T13:14:56","slug":"herren-t-shirt-modell-luca-1502-white-teyli","status":"publish","type":"product","link":"https:\/\/velvetnira.com\/de\/sklep\/herren-t-shirt-modell-luca-1502-white-teyli\/","title":{"rendered":"Herren T-Shirt Modell Luca 1502 White &#8211; Teyli"},"content":{"rendered":"<p>Herren T-Shirt in Schneewei\u00df. Ein wei\u00dfes T-Shirt ist ein Grundbestandteil der Herrengarderobe, jeder Mann sollte ein klassisches wei\u00dfes T-Shirt besitzen, das zu jedem Outfit passt. Ein wei\u00dfes Herren T-Shirt ist eine Basisfarbe, die sich mit jeder Farbe von Hosen oder Shorts kombinieren l\u00e4sst, unter einem Sakko im Alltag zur Arbeit wird es beeindruckend aussehen. Das Herren T-Shirt ist aus hochwertiger Baumwolle gefertigt, der Zusatz von elastischem Lycra-Faden sorgt f\u00fcr lange Haltbarkeit und verleiht dem Shirt Elastizit\u00e4t, wodurch es perfekt an der Silhouette anliegt. Das Shirt hat einen halbrunden Ausschnitt am Hals und einen kurzen \u00c4rmel, auf dem sich ein dezentes Firmenlogo befindet. Das Shirt hat keine Muster und Applikationen, es ist klassisch glatt und schlicht im Schnitt. M\u00e4nner, die Klassik lieben und gerne gut aussehen, werden es sicher zu sch\u00e4tzen wissen. Das Shirt reicht in der L\u00e4nge bis zur Mitte des Ges\u00e4\u00dfes. Es sollte in keiner Herrengarderobe fehlen. <\/p>\n<div class=\"prod_data\">\n\t\t\t<strong>Baumwolle<\/strong> 100 % \t\t<\/p>\n<table class=\"prod_table table table-striped table-bordered table-hover table-responsive\">\n<thead>\n<tr>\n<th>Gr\u00f6\u00dfe<\/th>\n<th>Brustumfang<\/th>\n<\/tr>\n<\/thead>\n<tr>\n<td><b>L<\/b><\/td>\n<td align=\"right\">104 cm<\/td>\n<\/tr>\n<tr>\n<td><b>M<\/b><\/td>\n<td align=\"right\">100 cm<\/td>\n<\/tr>\n<tr>\n<td><b>XL<\/b><\/td>\n<td align=\"right\">108 cm<\/td>\n<\/tr>\n<tr>\n<td><b>XXL<\/b><\/td>\n<td align=\"right\">112 cm<\/td>\n<\/tr>\n<tr>\n<td><b>XXXL<\/b><\/td>\n<td align=\"right\">116 cm<\/td>\n<\/tr>\n<\/table><\/div>\n","protected":false},"excerpt":{"rendered":"<p>Herren T-Shirt in Schneewei\u00df. Ein wei\u00dfes T-Shirt ist ein Grundbestandteil der Herrengarderobe, jeder Mann sollte ein klassisches wei\u00dfes T-Shirt besitzen, das zu jedem Outfit passt&#8230;.<\/p>\n","protected":false},"featured_media":6343,"comment_status":"closed","ping_status":"open","template":"","meta":[],"etheme_brands":[],"product_brand":[],"product_cat":[266],"product_tag":[],"class_list":{"0":"post-9186","1":"product","2":"type-product","3":"status-publish","4":"has-post-thumbnail","6":"product_cat-t-shirts-und-polos","7":"pa_kolor-weiss","8":"pa_producent-teyli","9":"pa_rozmiar-l","10":"pa_rozmiar-m","11":"pa_rozmiar-xxl","12":"pa_rozmiar-xxxl","14":"first","15":"instock","16":"taxable","17":"shipping-taxable","18":"purchasable","19":"product-type-variable"},"_links":{"self":[{"href":"https:\/\/velvetnira.com\/de\/wp-json\/wp\/v2\/product\/9186","targetHints":{"allow":["GET"]}}],"collection":[{"href":"https:\/\/velvetnira.com\/de\/wp-json\/wp\/v2\/product"}],"about":[{"href":"https:\/\/velvetnira.com\/de\/wp-json\/wp\/v2\/types\/product"}],"replies":[{"embeddable":true,"href":"https:\/\/velvetnira.com\/de\/wp-json\/wp\/v2\/comments?post=9186"}],"version-history":[{"count":0,"href":"https:\/\/velvetnira.com\/de\/wp-json\/wp\/v2\/product\/9186\/revisions"}],"wp:featuredmedia":[{"embeddable":true,"href":"https:\/\/velvetnira.com\/de\/wp-json\/wp\/v2\/media\/6343"}],"wp:attachment":[{"href":"https:\/\/velvetnira.com\/de\/wp-json\/wp\/v2\/media?parent=9186"}],"wp:term":[{"taxonomy":"brand","embeddable":true,"href":"https:\/\/velvetnira.com\/de\/wp-json\/wp\/v2\/etheme_brands?post=9186"},{"taxonomy":"product_brand","embeddable":true,"href":"https:\/\/velvetnira.com\/de\/wp-json\/wp\/v2\/product_brand?post=9186"},{"taxonomy":"product_cat","embeddable":true,"href":"https:\/\/velvetnira.com\/de\/wp-json\/wp\/v2\/product_cat?post=9186"},{"taxonomy":"product_tag","embeddable":true,"href":"https:\/\/velvetnira.com\/de\/wp-json\/wp\/v2\/product_tag?post=9186"}],"curies":[{"name":"wp","href":"https:\/\/api.w.org\/{rel}","templated":true}]}}