{"id":9183,"date":"2026-01-11T13:12:56","date_gmt":"2026-01-11T13:12:56","guid":{"rendered":"https:\/\/velvetnira.com\/sklep\/herrenpyjama-modell-pulse-39738-66x-tuerkis-graphit-henderson\/"},"modified":"2026-01-11T13:12:56","modified_gmt":"2026-01-11T13:12:56","slug":"herrenpyjama-modell-pulse-39738-66x-tuerkis-graphit-henderson","status":"publish","type":"product","link":"https:\/\/velvetnira.com\/de\/sklep\/herrenpyjama-modell-pulse-39738-66x-tuerkis-graphit-henderson\/","title":{"rendered":"Herrenpyjama Modell Pulse 39738-66X T\u00fcrkis\/Graphit &#8211; Henderson"},"content":{"rendered":"<p>Herren-Sommerpyjama, bestehend aus einem Kurzarm-T-Shirt und locker geschnittenen Shorts. Shirt mit V-Ausschnitt, Shorts mit Kordelzug. Das Set ist in einer Box verpackt.<br \/>\n <br \/>Materialzusammensetzung: T-Shirt 100% Baumwolle, Hose 55% Baumwolle, 45% Polyester<\/p>\n<p>Ma\u00dfe<br \/> Gr\u00f6\u00dfe M: Brust 94-98 cm, H\u00fcfte 98-102 cm<br \/> Gr\u00f6\u00dfe L: Brust 98-102 cm, H\u00fcfte 102-106 cm<br \/> Gr\u00f6\u00dfe XL: Brust 102-106 cm, H\u00fcfte 106-110 cm<br \/> Gr\u00f6\u00dfe XXL: Brust 106-110 cm, H\u00fcfte 110-114 cm<br \/> Gr\u00f6\u00dfe XXXL: Brust 110-114 cm, H\u00fcfte 114-118 cm<\/p>\n","protected":false},"excerpt":{"rendered":"<p>Herren-Sommerpyjama, bestehend aus einem Kurzarm-T-Shirt und locker geschnittenen Shorts. Shirt mit V-Ausschnitt, Shorts mit Kordelzug. Das Set ist in einer Box verpackt. Materialzusammensetzung: T-Shirt 100%&#8230;<\/p>\n","protected":false},"featured_media":5558,"comment_status":"closed","ping_status":"open","template":"","meta":[],"etheme_brands":[],"product_brand":[],"product_cat":[269],"product_tag":[],"class_list":{"0":"post-9183","1":"product","2":"type-product","3":"status-publish","4":"has-post-thumbnail","6":"product_cat-bademaentel-und-pyjamas","7":"pa_kolor-gruen","8":"pa_producent-henderson","9":"pa_rozmiar-xxl","11":"first","12":"instock","13":"taxable","14":"shipping-taxable","15":"purchasable","16":"product-type-variable"},"_links":{"self":[{"href":"https:\/\/velvetnira.com\/de\/wp-json\/wp\/v2\/product\/9183","targetHints":{"allow":["GET"]}}],"collection":[{"href":"https:\/\/velvetnira.com\/de\/wp-json\/wp\/v2\/product"}],"about":[{"href":"https:\/\/velvetnira.com\/de\/wp-json\/wp\/v2\/types\/product"}],"replies":[{"embeddable":true,"href":"https:\/\/velvetnira.com\/de\/wp-json\/wp\/v2\/comments?post=9183"}],"version-history":[{"count":0,"href":"https:\/\/velvetnira.com\/de\/wp-json\/wp\/v2\/product\/9183\/revisions"}],"wp:featuredmedia":[{"embeddable":true,"href":"https:\/\/velvetnira.com\/de\/wp-json\/wp\/v2\/media\/5558"}],"wp:attachment":[{"href":"https:\/\/velvetnira.com\/de\/wp-json\/wp\/v2\/media?parent=9183"}],"wp:term":[{"taxonomy":"brand","embeddable":true,"href":"https:\/\/velvetnira.com\/de\/wp-json\/wp\/v2\/etheme_brands?post=9183"},{"taxonomy":"product_brand","embeddable":true,"href":"https:\/\/velvetnira.com\/de\/wp-json\/wp\/v2\/product_brand?post=9183"},{"taxonomy":"product_cat","embeddable":true,"href":"https:\/\/velvetnira.com\/de\/wp-json\/wp\/v2\/product_cat?post=9183"},{"taxonomy":"product_tag","embeddable":true,"href":"https:\/\/velvetnira.com\/de\/wp-json\/wp\/v2\/product_tag?post=9183"}],"curies":[{"name":"wp","href":"https:\/\/api.w.org\/{rel}","templated":true}]}}