{"id":9182,"date":"2026-01-11T13:14:31","date_gmt":"2026-01-11T13:14:31","guid":{"rendered":"https:\/\/velvetnira.com\/sklep\/herren-t-shirt-modell-arturo-rneck-jeans-pierre-cardin\/"},"modified":"2026-01-11T13:14:31","modified_gmt":"2026-01-11T13:14:31","slug":"herren-t-shirt-modell-arturo-rneck-jeans-pierre-cardin","status":"publish","type":"product","link":"https:\/\/velvetnira.com\/de\/sklep\/herren-t-shirt-modell-arturo-rneck-jeans-pierre-cardin\/","title":{"rendered":"Herren-T-Shirt Modell Arturo Rneck Jeans &#8211; Pierre Cardin"},"content":{"rendered":"<p>Einfarbiges Herren-T-Shirt von Pierre Cardin. Auf dem Etikett befindet sich ein Hologramm, das die Echtheit dieser Marke best\u00e4tigt. Der klassische Rundhalsausschnitt, die kurzen \u00c4rmel und vor allem der hochwertige, weiche Stoff machen es zu einem gro\u00dfartigen, eigentlich grundlegenden Produkt f\u00fcr jeden Mann. Auf der Brust der Schriftzug Pierre Cardin. <\/p>\n<div class=\"prod_data\">\n\t\t\t<strong>Baumwolle<\/strong> 100 % \t\t<\/p>\n<table class=\"prod_table table table-striped table-bordered table-hover table-responsive\">\n<thead>\n<tr>\n<th>Gr\u00f6\u00dfe<\/th>\n<th>Gesamtl\u00e4nge<\/th>\n<th>Brustumfang<\/th>\n<\/tr>\n<\/thead>\n<tr>\n<td><b>L<\/b><\/td>\n<td align=\"right\">71 cm<\/td>\n<td align=\"right\">107 cm<\/td>\n<\/tr>\n<tr>\n<td><b>M<\/b><\/td>\n<td align=\"right\">70 cm<\/td>\n<td align=\"right\">101 cm<\/td>\n<\/tr>\n<tr>\n<td><b>XL<\/b><\/td>\n<td align=\"right\">72 cm<\/td>\n<td align=\"right\">113 cm<\/td>\n<\/tr>\n<tr>\n<td><b>XXL<\/b><\/td>\n<td align=\"right\">73 cm<\/td>\n<td align=\"right\">119 cm<\/td>\n<\/tr>\n<\/table><\/div>\n","protected":false},"excerpt":{"rendered":"<p>Einfarbiges Herren-T-Shirt von Pierre Cardin. Auf dem Etikett befindet sich ein Hologramm, das die Echtheit dieser Marke best\u00e4tigt. Der klassische Rundhalsausschnitt, die kurzen \u00c4rmel und&#8230;<\/p>\n","protected":false},"featured_media":6263,"comment_status":"closed","ping_status":"open","template":"","meta":[],"etheme_brands":[],"product_brand":[],"product_cat":[266],"product_tag":[],"class_list":{"0":"post-9182","1":"product","2":"type-product","3":"status-publish","4":"has-post-thumbnail","6":"product_cat-t-shirts-und-polos","7":"pa_kolor-blau","8":"pa_producent-pierre-cardin","9":"pa_rozmiar-xxl","11":"first","12":"instock","13":"taxable","14":"shipping-taxable","15":"purchasable","16":"product-type-variable"},"_links":{"self":[{"href":"https:\/\/velvetnira.com\/de\/wp-json\/wp\/v2\/product\/9182","targetHints":{"allow":["GET"]}}],"collection":[{"href":"https:\/\/velvetnira.com\/de\/wp-json\/wp\/v2\/product"}],"about":[{"href":"https:\/\/velvetnira.com\/de\/wp-json\/wp\/v2\/types\/product"}],"replies":[{"embeddable":true,"href":"https:\/\/velvetnira.com\/de\/wp-json\/wp\/v2\/comments?post=9182"}],"version-history":[{"count":0,"href":"https:\/\/velvetnira.com\/de\/wp-json\/wp\/v2\/product\/9182\/revisions"}],"wp:featuredmedia":[{"embeddable":true,"href":"https:\/\/velvetnira.com\/de\/wp-json\/wp\/v2\/media\/6263"}],"wp:attachment":[{"href":"https:\/\/velvetnira.com\/de\/wp-json\/wp\/v2\/media?parent=9182"}],"wp:term":[{"taxonomy":"brand","embeddable":true,"href":"https:\/\/velvetnira.com\/de\/wp-json\/wp\/v2\/etheme_brands?post=9182"},{"taxonomy":"product_brand","embeddable":true,"href":"https:\/\/velvetnira.com\/de\/wp-json\/wp\/v2\/product_brand?post=9182"},{"taxonomy":"product_cat","embeddable":true,"href":"https:\/\/velvetnira.com\/de\/wp-json\/wp\/v2\/product_cat?post=9182"},{"taxonomy":"product_tag","embeddable":true,"href":"https:\/\/velvetnira.com\/de\/wp-json\/wp\/v2\/product_tag?post=9182"}],"curies":[{"name":"wp","href":"https:\/\/api.w.org\/{rel}","templated":true}]}}