{"id":9173,"date":"2026-01-11T13:13:01","date_gmt":"2026-01-11T13:13:01","guid":{"rendered":"https:\/\/velvetnira.com\/sklep\/herren-pyjama-modell-press-39749-22x-rotbraun-blau-henderson\/"},"modified":"2026-01-11T13:13:01","modified_gmt":"2026-01-11T13:13:01","slug":"herren-pyjama-modell-press-39749-22x-rotbraun-blau-henderson","status":"publish","type":"product","link":"https:\/\/velvetnira.com\/de\/sklep\/herren-pyjama-modell-press-39749-22x-rotbraun-blau-henderson\/","title":{"rendered":"Herren-Pyjama Modell Press 39749-22X Rotbraun\/Blau &#8211; Henderson"},"content":{"rendered":"<p>Herren-Pyjama bestehend aus T-Shirt und kurzer Shorts. T-Shirt mit kurzem \u00c4rmel, vorne mit Schriftzug. Kurze Shorts, am Bund Kordelzug zum Binden.<br \/>\n <br \/> Zusammensetzung: Shorts 60% Baumwolle, 40% Polyester, T-Shirt 100% Baumwolle.<br \/>\n <br \/>Ma\u00dfe:<br \/> Gr\u00f6\u00dfe M: Brustumfang 94-98 cm, H\u00fcfte 98-102 cm<br \/> Gr\u00f6\u00dfe L: Brustumfang 98-102 cm, H\u00fcfte 102-106 cm<br \/> Gr\u00f6\u00dfe XL: Brustumfang 102-106 cm, H\u00fcfte 106-110 cm<br \/> Gr\u00f6\u00dfe XXL: Brustumfang 106-110 cm, H\u00fcfte 110-114 cm<br \/> Gr\u00f6\u00dfe XXXL: Brustumfang 110-114 cm, H\u00fcfte 114-118 cm<\/p>\n","protected":false},"excerpt":{"rendered":"<p>Herren-Pyjama bestehend aus T-Shirt und kurzer Shorts. T-Shirt mit kurzem \u00c4rmel, vorne mit Schriftzug. Kurze Shorts, am Bund Kordelzug zum Binden. Zusammensetzung: Shorts 60% Baumwolle,&#8230;<\/p>\n","protected":false},"featured_media":5586,"comment_status":"closed","ping_status":"open","template":"","meta":[],"etheme_brands":[],"product_brand":[],"product_cat":[269],"product_tag":[],"class_list":{"0":"post-9173","1":"product","2":"type-product","3":"status-publish","4":"has-post-thumbnail","6":"product_cat-bademaentel-und-pyjamas","7":"pa_kolor-braun","8":"pa_producent-henderson","9":"pa_rozmiar-m","10":"pa_rozmiar-xxl","12":"first","13":"instock","14":"taxable","15":"shipping-taxable","16":"purchasable","17":"product-type-variable"},"_links":{"self":[{"href":"https:\/\/velvetnira.com\/de\/wp-json\/wp\/v2\/product\/9173","targetHints":{"allow":["GET"]}}],"collection":[{"href":"https:\/\/velvetnira.com\/de\/wp-json\/wp\/v2\/product"}],"about":[{"href":"https:\/\/velvetnira.com\/de\/wp-json\/wp\/v2\/types\/product"}],"replies":[{"embeddable":true,"href":"https:\/\/velvetnira.com\/de\/wp-json\/wp\/v2\/comments?post=9173"}],"version-history":[{"count":0,"href":"https:\/\/velvetnira.com\/de\/wp-json\/wp\/v2\/product\/9173\/revisions"}],"wp:featuredmedia":[{"embeddable":true,"href":"https:\/\/velvetnira.com\/de\/wp-json\/wp\/v2\/media\/5586"}],"wp:attachment":[{"href":"https:\/\/velvetnira.com\/de\/wp-json\/wp\/v2\/media?parent=9173"}],"wp:term":[{"taxonomy":"brand","embeddable":true,"href":"https:\/\/velvetnira.com\/de\/wp-json\/wp\/v2\/etheme_brands?post=9173"},{"taxonomy":"product_brand","embeddable":true,"href":"https:\/\/velvetnira.com\/de\/wp-json\/wp\/v2\/product_brand?post=9173"},{"taxonomy":"product_cat","embeddable":true,"href":"https:\/\/velvetnira.com\/de\/wp-json\/wp\/v2\/product_cat?post=9173"},{"taxonomy":"product_tag","embeddable":true,"href":"https:\/\/velvetnira.com\/de\/wp-json\/wp\/v2\/product_tag?post=9173"}],"curies":[{"name":"wp","href":"https:\/\/api.w.org\/{rel}","templated":true}]}}