{"id":9162,"date":"2026-01-11T13:13:12","date_gmt":"2026-01-11T13:13:12","guid":{"rendered":"https:\/\/velvetnira.com\/sklep\/herrenpyjama-modell-legend-43462-59x-navy-henderson\/"},"modified":"2026-01-11T13:13:12","modified_gmt":"2026-01-11T13:13:12","slug":"herrenpyjama-modell-legend-43462-59x-navy-henderson","status":"publish","type":"product","link":"https:\/\/velvetnira.com\/de\/sklep\/herrenpyjama-modell-legend-43462-59x-navy-henderson\/","title":{"rendered":"Herrenpyjama Modell Legend 43462-59X Navy &#8211; Henderson"},"content":{"rendered":"<p>Bequemer Damenpyjama in lockerem Schnitt, ideal zum Schlafen und Entspannen zu Hause. Das Kurzarm-T-Shirt mit Rundhalsausschnitt und Aufdruck verleiht dem Ganzen einen modischen, l\u00e4ssigen Charakter. Kurze Shorts ohne Taschen sorgen f\u00fcr Komfort, und ein breiter Gummibund mit Kordelzug erm\u00f6glicht eine perfekte Anpassung des Pyjamas an die Figur. Das Set ist in einer Box verpackt und eignet sich somit auch hervorragend als praktisches Geschenk.   <\/p>\n<p>Ma\u00dfe:<br \/> Gr\u00f6\u00dfe M: Brust 94\u201398 cm, H\u00fcfte 98\u2013102 cm<br \/> Gr\u00f6\u00dfe L: Brust 98\u2013102 cm, H\u00fcfte 102\u2013106 cm<br \/> Gr\u00f6\u00dfe XL: Brust 102\u2013106 cm, H\u00fcfte 106\u2013110 cm<br \/> Gr\u00f6\u00dfe XXL: Brust 106\u2013110 cm, H\u00fcfte 110\u2013114 cm<br \/> Gr\u00f6\u00dfe XXXL: Brust 114\u2013120 cm, H\u00fcfte 114\u2013118 cm<br div=\"\" class=\"prod_data\">\t\t\t<strong>Baumwolle<\/strong> 100 %  \t\t<\/div>\n","protected":false},"excerpt":{"rendered":"<p>Bequemer Damenpyjama in lockerem Schnitt, ideal zum Schlafen und Entspannen zu Hause. Das Kurzarm-T-Shirt mit Rundhalsausschnitt und Aufdruck verleiht dem Ganzen einen modischen, l\u00e4ssigen Charakter&#8230;.<\/p>\n","protected":false},"featured_media":5652,"comment_status":"closed","ping_status":"open","template":"","meta":[],"etheme_brands":[],"product_brand":[],"product_cat":[269],"product_tag":[],"class_list":{"0":"post-9162","1":"product","2":"type-product","3":"status-publish","4":"has-post-thumbnail","6":"product_cat-bademaentel-und-pyjamas","7":"pa_kolor-marineblau","8":"pa_producent-henderson","9":"pa_rozmiar-l","10":"pa_rozmiar-m","12":"first","13":"instock","14":"taxable","15":"shipping-taxable","16":"purchasable","17":"product-type-variable"},"_links":{"self":[{"href":"https:\/\/velvetnira.com\/de\/wp-json\/wp\/v2\/product\/9162","targetHints":{"allow":["GET"]}}],"collection":[{"href":"https:\/\/velvetnira.com\/de\/wp-json\/wp\/v2\/product"}],"about":[{"href":"https:\/\/velvetnira.com\/de\/wp-json\/wp\/v2\/types\/product"}],"replies":[{"embeddable":true,"href":"https:\/\/velvetnira.com\/de\/wp-json\/wp\/v2\/comments?post=9162"}],"version-history":[{"count":0,"href":"https:\/\/velvetnira.com\/de\/wp-json\/wp\/v2\/product\/9162\/revisions"}],"wp:featuredmedia":[{"embeddable":true,"href":"https:\/\/velvetnira.com\/de\/wp-json\/wp\/v2\/media\/5652"}],"wp:attachment":[{"href":"https:\/\/velvetnira.com\/de\/wp-json\/wp\/v2\/media?parent=9162"}],"wp:term":[{"taxonomy":"brand","embeddable":true,"href":"https:\/\/velvetnira.com\/de\/wp-json\/wp\/v2\/etheme_brands?post=9162"},{"taxonomy":"product_brand","embeddable":true,"href":"https:\/\/velvetnira.com\/de\/wp-json\/wp\/v2\/product_brand?post=9162"},{"taxonomy":"product_cat","embeddable":true,"href":"https:\/\/velvetnira.com\/de\/wp-json\/wp\/v2\/product_cat?post=9162"},{"taxonomy":"product_tag","embeddable":true,"href":"https:\/\/velvetnira.com\/de\/wp-json\/wp\/v2\/product_tag?post=9162"}],"curies":[{"name":"wp","href":"https:\/\/api.w.org\/{rel}","templated":true}]}}