{"id":9158,"date":"2026-01-11T13:12:58","date_gmt":"2026-01-11T13:12:58","guid":{"rendered":"https:\/\/velvetnira.com\/sklep\/herren-pyjama-modell-fact-40673-59x-navy-melange-henderson\/"},"modified":"2026-01-11T13:12:58","modified_gmt":"2026-01-11T13:12:58","slug":"herren-pyjama-modell-fact-40673-59x-navy-melange-henderson","status":"publish","type":"product","link":"https:\/\/velvetnira.com\/de\/sklep\/herren-pyjama-modell-fact-40673-59x-navy-melange-henderson\/","title":{"rendered":"Herren-Pyjama Modell Fact 40673-59X Navy Melange &#8211; Henderson"},"content":{"rendered":"<p>Der zweiteilige Herren-Pyjama FACT ist ein stylischer Vorschlag f\u00fcr M\u00e4nner, die gerne interessante Muster und bequeme Schnitte kombinieren. Das Set besteht aus einem Baumwoll-T-Shirt und einer kurzen Shorts mit lockerem Schnitt. Das Oberteil ist mit einem gro\u00dfen grafischen Muster mit Schriftz\u00fcgen verziert. Die Komposition des Aufdrucks erinnert an alte Ladenschilder. Die Shorts ist aus Stoff in der kontrastierenden Farbe Graumelange gefertigt. Die Beine reichen etwas \u00fcber die Knie. Der Herren-Pyjama FACT ist eine bequeme und praktische Wahl f\u00fcr jeden Tag. Greif zu diesem Modell, wenn du ein klassisches und zugleich au\u00dfergew\u00f6hnliches Schlafset suchst.<br \/>\n <br \/>Zusammensetzung:<b><br \/>\n <br \/>Oberteil: 100% Baumwolle<\/p>\n<p> Unterteil: 90% Baumwolle, 10% Viskose<\/p>\n<p>Ma\u00dfe:<br \/> Gr\u00f6\u00dfe M: Brust 94-98 cm, H\u00fcfte 98-102 cm<br \/> Gr\u00f6\u00dfe L: Brust 98-102 cm, H\u00fcfte 102-106 cm<br \/> Gr\u00f6\u00dfe XL: Brust 102-106 cm, H\u00fcfte 106-110 cm<br \/> Gr\u00f6\u00dfe XXL: Brust 106-110 cm, H\u00fcfte 110-114 cm<\/p>\n","protected":false},"excerpt":{"rendered":"<p>Der zweiteilige Herren-Pyjama FACT ist ein stylischer Vorschlag f\u00fcr M\u00e4nner, die gerne interessante Muster und bequeme Schnitte kombinieren. Das Set besteht aus einem Baumwoll-T-Shirt und&#8230;<\/p>\n","protected":false},"featured_media":5573,"comment_status":"closed","ping_status":"open","template":"","meta":[],"etheme_brands":[],"product_brand":[],"product_cat":[269],"product_tag":[],"class_list":{"0":"post-9158","1":"product","2":"type-product","3":"status-publish","4":"has-post-thumbnail","6":"product_cat-bademaentel-und-pyjamas","7":"pa_kolor-marineblau","8":"pa_producent-henderson","9":"pa_rozmiar-m","11":"first","12":"instock","13":"taxable","14":"shipping-taxable","15":"purchasable","16":"product-type-variable"},"_links":{"self":[{"href":"https:\/\/velvetnira.com\/de\/wp-json\/wp\/v2\/product\/9158","targetHints":{"allow":["GET"]}}],"collection":[{"href":"https:\/\/velvetnira.com\/de\/wp-json\/wp\/v2\/product"}],"about":[{"href":"https:\/\/velvetnira.com\/de\/wp-json\/wp\/v2\/types\/product"}],"replies":[{"embeddable":true,"href":"https:\/\/velvetnira.com\/de\/wp-json\/wp\/v2\/comments?post=9158"}],"version-history":[{"count":0,"href":"https:\/\/velvetnira.com\/de\/wp-json\/wp\/v2\/product\/9158\/revisions"}],"wp:featuredmedia":[{"embeddable":true,"href":"https:\/\/velvetnira.com\/de\/wp-json\/wp\/v2\/media\/5573"}],"wp:attachment":[{"href":"https:\/\/velvetnira.com\/de\/wp-json\/wp\/v2\/media?parent=9158"}],"wp:term":[{"taxonomy":"brand","embeddable":true,"href":"https:\/\/velvetnira.com\/de\/wp-json\/wp\/v2\/etheme_brands?post=9158"},{"taxonomy":"product_brand","embeddable":true,"href":"https:\/\/velvetnira.com\/de\/wp-json\/wp\/v2\/product_brand?post=9158"},{"taxonomy":"product_cat","embeddable":true,"href":"https:\/\/velvetnira.com\/de\/wp-json\/wp\/v2\/product_cat?post=9158"},{"taxonomy":"product_tag","embeddable":true,"href":"https:\/\/velvetnira.com\/de\/wp-json\/wp\/v2\/product_tag?post=9158"}],"curies":[{"name":"wp","href":"https:\/\/api.w.org\/{rel}","templated":true}]}}