{"id":9147,"date":"2026-01-11T13:12:59","date_gmt":"2026-01-11T13:12:59","guid":{"rendered":"https:\/\/velvetnira.com\/sklep\/herren-pyjama-modell-deal-38880-77x-gruen-navy-henderson\/"},"modified":"2026-01-11T13:12:59","modified_gmt":"2026-01-11T13:12:59","slug":"herren-pyjama-modell-deal-38880-77x-gruen-navy-henderson","status":"publish","type":"product","link":"https:\/\/velvetnira.com\/de\/sklep\/herren-pyjama-modell-deal-38880-77x-gruen-navy-henderson\/","title":{"rendered":"Herren-Pyjama Modell Deal 38880-77X Gr\u00fcn\/Navy &#8211; Henderson"},"content":{"rendered":"<p>Wenn es um Komfort geht, ist der sportliche Stil wohl der beste. Wenn du also einen bequemen, guten Pyjama in ruhiger Farbgebung suchst, schau dir diesen Vorschlag an. Das bekannte und beliebte T-Shirt mit zartem Aufdruck in der Mitte wird durch glatte, komfortable Hosen bis zum Knie erg\u00e4nzt. Premium-Linie der Marke Henderson, neue Kollektion.<br \/>\n <br \/>Ma\u00dfe<br \/>  Gr\u00f6\u00dfe M: Brust 94-98 cm, H\u00fcfte 98-102 cm<br \/>  Gr\u00f6\u00dfe L: Brust 98-102 cm, H\u00fcfte 102-106 cm<br \/>  Gr\u00f6\u00dfe XL: Brust 102-106 cm, H\u00fcfte 106-110 cm<br \/>  Gr\u00f6\u00dfe XXL: Brust 106-110 cm, H\u00fcfte 110-114 cm <\/p>\n<div class=\"prod_data\">\n\t\t\t<strong>Baumwolle<\/strong> 100 % \t\t<\/div>\n","protected":false},"excerpt":{"rendered":"<p>Wenn es um Komfort geht, ist der sportliche Stil wohl der beste. Wenn du also einen bequemen, guten Pyjama in ruhiger Farbgebung suchst, schau dir&#8230;<\/p>\n","protected":false},"featured_media":5579,"comment_status":"closed","ping_status":"open","template":"","meta":[],"etheme_brands":[],"product_brand":[],"product_cat":[269],"product_tag":[],"class_list":{"0":"post-9147","1":"product","2":"type-product","3":"status-publish","4":"has-post-thumbnail","6":"product_cat-bademaentel-und-pyjamas","7":"pa_kolor-gruen","8":"pa_producent-henderson","9":"pa_rozmiar-m","10":"pa_rozmiar-xxl","12":"first","13":"instock","14":"taxable","15":"shipping-taxable","16":"purchasable","17":"product-type-variable"},"_links":{"self":[{"href":"https:\/\/velvetnira.com\/de\/wp-json\/wp\/v2\/product\/9147","targetHints":{"allow":["GET"]}}],"collection":[{"href":"https:\/\/velvetnira.com\/de\/wp-json\/wp\/v2\/product"}],"about":[{"href":"https:\/\/velvetnira.com\/de\/wp-json\/wp\/v2\/types\/product"}],"replies":[{"embeddable":true,"href":"https:\/\/velvetnira.com\/de\/wp-json\/wp\/v2\/comments?post=9147"}],"version-history":[{"count":0,"href":"https:\/\/velvetnira.com\/de\/wp-json\/wp\/v2\/product\/9147\/revisions"}],"wp:featuredmedia":[{"embeddable":true,"href":"https:\/\/velvetnira.com\/de\/wp-json\/wp\/v2\/media\/5579"}],"wp:attachment":[{"href":"https:\/\/velvetnira.com\/de\/wp-json\/wp\/v2\/media?parent=9147"}],"wp:term":[{"taxonomy":"brand","embeddable":true,"href":"https:\/\/velvetnira.com\/de\/wp-json\/wp\/v2\/etheme_brands?post=9147"},{"taxonomy":"product_brand","embeddable":true,"href":"https:\/\/velvetnira.com\/de\/wp-json\/wp\/v2\/product_brand?post=9147"},{"taxonomy":"product_cat","embeddable":true,"href":"https:\/\/velvetnira.com\/de\/wp-json\/wp\/v2\/product_cat?post=9147"},{"taxonomy":"product_tag","embeddable":true,"href":"https:\/\/velvetnira.com\/de\/wp-json\/wp\/v2\/product_tag?post=9147"}],"curies":[{"name":"wp","href":"https:\/\/api.w.org\/{rel}","templated":true}]}}