{"id":9140,"date":"2026-01-11T13:15:01","date_gmt":"2026-01-11T13:15:01","guid":{"rendered":"https:\/\/velvetnira.com\/sklep\/herren-t-shirt-modell-dany-v-1503-jeans-teyli\/"},"modified":"2026-01-11T13:15:01","modified_gmt":"2026-01-11T13:15:01","slug":"herren-t-shirt-modell-dany-v-1503-jeans-teyli","status":"publish","type":"product","link":"https:\/\/velvetnira.com\/de\/sklep\/herren-t-shirt-modell-dany-v-1503-jeans-teyli\/","title":{"rendered":"Herren-T-Shirt Modell Dany V 1503 Jeans &#8211; Teyli"},"content":{"rendered":"<p>Herren-T-Shirt in Jeansfarbe. Es hat einen einfachen, klassischen Schnitt, ist einfarbig und hat keine Verzierungen oder Aufdrucke. Am Hals ist es V-f\u00f6rmig geschnitten, was den Hals optisch verl\u00e4ngert und schlanker wirken l\u00e4sst. Das Herren-T-Shirt hat kurze \u00c4rmel, auf einem davon befindet sich ein dezentes Metall-Firmenlogo. Das T-Shirt besteht aus hochwertiger, atmungsaktiver, angenehm weicher Baumwolle, die Komfort garantiert, und elastischer Lycra-Faser, die das T-Shirt vor Verformung sch\u00fctzt. Dadurch schmiegt sich das T-Shirt perfekt an den m\u00e4nnlichen K\u00f6rper an. Die L\u00e4nge des T-Shirts reicht bis zur Mitte des Ges\u00e4\u00dfes. Die Jeansfarbe des T-Shirts ist einfarbig, hat keine Aufdrucke und passt perfekt zu Slim-Fit-Jeans oder knielangen Shorts. In dieser Kombination wird jeder Mann bei der Arbeit oder bei Treffen mit Freunden perfekt aussehen. Es sollte in keiner Herrengarderobe fehlen. <\/p>\n<div class=\"prod_data\">\n\t\t\t<strong>Baumwolle<\/strong> 100 % \t\t<\/p>\n<table class=\"prod_table table table-striped table-bordered table-hover table-responsive\">\n<thead>\n<tr>\n<th>Gr\u00f6\u00dfe<\/th>\n<th>Brustumfang<\/th>\n<\/tr>\n<\/thead>\n<tr>\n<td><b>L<\/b><\/td>\n<td align=\"right\">104 cm<\/td>\n<\/tr>\n<tr>\n<td><b>M<\/b><\/td>\n<td align=\"right\">100 cm<\/td>\n<\/tr>\n<tr>\n<td><b>S<\/b><\/td>\n<td align=\"right\">96 cm<\/td>\n<\/tr>\n<tr>\n<td><b>XL<\/b><\/td>\n<td align=\"right\">108 cm<\/td>\n<\/tr>\n<tr>\n<td><b>XXL<\/b><\/td>\n<td align=\"right\">112 cm<\/td>\n<\/tr>\n<tr>\n<td><b>XXXL<\/b><\/td>\n<td align=\"right\">116 cm<\/td>\n<\/tr>\n<\/table><\/div>\n","protected":false},"excerpt":{"rendered":"<p>Herren-T-Shirt in Jeansfarbe. Es hat einen einfachen, klassischen Schnitt, ist einfarbig und hat keine Verzierungen oder Aufdrucke. Am Hals ist es V-f\u00f6rmig geschnitten, was den&#8230;<\/p>\n","protected":false},"featured_media":6361,"comment_status":"closed","ping_status":"open","template":"","meta":[],"etheme_brands":[],"product_brand":[],"product_cat":[266],"product_tag":[],"class_list":{"0":"post-9140","1":"product","2":"type-product","3":"status-publish","4":"has-post-thumbnail","6":"product_cat-t-shirts-und-polos","7":"pa_kolor-blau","8":"pa_producent-teyli","9":"pa_rozmiar-l","10":"pa_rozmiar-m","11":"pa_rozmiar-s","12":"pa_rozmiar-xxl","13":"pa_rozmiar-xxxl","15":"first","16":"instock","17":"taxable","18":"shipping-taxable","19":"purchasable","20":"product-type-variable"},"_links":{"self":[{"href":"https:\/\/velvetnira.com\/de\/wp-json\/wp\/v2\/product\/9140","targetHints":{"allow":["GET"]}}],"collection":[{"href":"https:\/\/velvetnira.com\/de\/wp-json\/wp\/v2\/product"}],"about":[{"href":"https:\/\/velvetnira.com\/de\/wp-json\/wp\/v2\/types\/product"}],"replies":[{"embeddable":true,"href":"https:\/\/velvetnira.com\/de\/wp-json\/wp\/v2\/comments?post=9140"}],"version-history":[{"count":0,"href":"https:\/\/velvetnira.com\/de\/wp-json\/wp\/v2\/product\/9140\/revisions"}],"wp:featuredmedia":[{"embeddable":true,"href":"https:\/\/velvetnira.com\/de\/wp-json\/wp\/v2\/media\/6361"}],"wp:attachment":[{"href":"https:\/\/velvetnira.com\/de\/wp-json\/wp\/v2\/media?parent=9140"}],"wp:term":[{"taxonomy":"brand","embeddable":true,"href":"https:\/\/velvetnira.com\/de\/wp-json\/wp\/v2\/etheme_brands?post=9140"},{"taxonomy":"product_brand","embeddable":true,"href":"https:\/\/velvetnira.com\/de\/wp-json\/wp\/v2\/product_brand?post=9140"},{"taxonomy":"product_cat","embeddable":true,"href":"https:\/\/velvetnira.com\/de\/wp-json\/wp\/v2\/product_cat?post=9140"},{"taxonomy":"product_tag","embeddable":true,"href":"https:\/\/velvetnira.com\/de\/wp-json\/wp\/v2\/product_tag?post=9140"}],"curies":[{"name":"wp","href":"https:\/\/api.w.org\/{rel}","templated":true}]}}