{"id":9123,"date":"2026-01-11T13:15:03","date_gmt":"2026-01-11T13:15:03","guid":{"rendered":"https:\/\/velvetnira.com\/sklep\/herren-t-shirt-modell-dany-v-1503-rot-teyli\/"},"modified":"2026-01-11T13:15:03","modified_gmt":"2026-01-11T13:15:03","slug":"herren-t-shirt-modell-dany-v-1503-rot-teyli","status":"publish","type":"product","link":"https:\/\/velvetnira.com\/de\/sklep\/herren-t-shirt-modell-dany-v-1503-rot-teyli\/","title":{"rendered":"Herren-T-Shirt Modell Dany V 1503 Rot &#8211; Teyli"},"content":{"rendered":"<p>Ein Herren-T-Shirt aus Baumwolle in einem saftigen, intensiven Rot. Es ist sehr \u00e4sthetisch verarbeitet. Die zarte Baumwolle f\u00fchlt sich sehr angenehm auf der Haut an und ist zudem sehr atmungsaktiv. Daher ist das Shirt sehr bequem und komfortabel zu tragen; die Haut kann atmen, schwitzt nicht und bleibt den ganzen Tag frisch. Das T-Shirt hat einen schlichten Schnitt, ohne Muster oder Applikationen, und richtet sich an M\u00e4nner, die Klassik und intensive, ausdrucksstarke Farben lieben. Der V-f\u00f6rmige Halsausschnitt l\u00e4sst den Hals optisch l\u00e4nger wirken. Das T-Shirt passt sich perfekt der m\u00e4nnlichen Figur an, modelliert sie und l\u00e4sst sich hervorragend mit figurbetonten Hosen oder Slim-Shorts kombinieren. Ein solches Outfit ist ideal f\u00fcr den Alltag, die Arbeit oder Ausfl\u00fcge mit Freunden. An k\u00fchleren Tagen sieht das T-Shirt gut in Kombination mit einem Sakko aus. Das T-Shirt reicht bis zur Mitte der H\u00fcften, hat kurze, figurbetonte \u00c4rmel, auf einem davon befindet sich ein dezentes Firmenlogo. Es sollte in keiner Herrengarderobe fehlen.          <\/p>\n<div class=\"prod_data\">\n\t\t\t<strong>Baumwolle<\/strong> 100 % \t\t<\/p>\n<table class=\"prod_table table table-striped table-bordered table-hover table-responsive\">\n<thead>\n<tr>\n<th>Gr\u00f6\u00dfe<\/th>\n<th>Brustumfang<\/th>\n<\/tr>\n<\/thead>\n<tr>\n<td><b>L<\/b><\/td>\n<td align=\"right\">104 cm<\/td>\n<\/tr>\n<tr>\n<td><b>M<\/b><\/td>\n<td align=\"right\">100 cm<\/td>\n<\/tr>\n<tr>\n<td><b>S<\/b><\/td>\n<td align=\"right\">96 cm<\/td>\n<\/tr>\n<tr>\n<td><b>XL<\/b><\/td>\n<td align=\"right\">108 cm<\/td>\n<\/tr>\n<tr>\n<td><b>XXL<\/b><\/td>\n<td align=\"right\">112 cm<\/td>\n<\/tr>\n<tr>\n<td><b>XXXL<\/b><\/td>\n<td align=\"right\">116 cm<\/td>\n<\/tr>\n<\/table><\/div>\n","protected":false},"excerpt":{"rendered":"<p>Ein Herren-T-Shirt aus Baumwolle in einem saftigen, intensiven Rot. Es ist sehr \u00e4sthetisch verarbeitet. Die zarte Baumwolle f\u00fchlt sich sehr angenehm auf der Haut an&#8230;<\/p>\n","protected":false},"featured_media":6367,"comment_status":"closed","ping_status":"open","template":"","meta":[],"etheme_brands":[],"product_brand":[],"product_cat":[266],"product_tag":[],"class_list":{"0":"post-9123","1":"product","2":"type-product","3":"status-publish","4":"has-post-thumbnail","6":"product_cat-t-shirts-und-polos","7":"pa_kolor-rot","8":"pa_producent-teyli","9":"pa_rozmiar-l","10":"pa_rozmiar-m","11":"pa_rozmiar-s","12":"pa_rozmiar-xxl","13":"pa_rozmiar-xxxl","15":"first","16":"instock","17":"taxable","18":"shipping-taxable","19":"purchasable","20":"product-type-variable"},"_links":{"self":[{"href":"https:\/\/velvetnira.com\/de\/wp-json\/wp\/v2\/product\/9123","targetHints":{"allow":["GET"]}}],"collection":[{"href":"https:\/\/velvetnira.com\/de\/wp-json\/wp\/v2\/product"}],"about":[{"href":"https:\/\/velvetnira.com\/de\/wp-json\/wp\/v2\/types\/product"}],"replies":[{"embeddable":true,"href":"https:\/\/velvetnira.com\/de\/wp-json\/wp\/v2\/comments?post=9123"}],"version-history":[{"count":0,"href":"https:\/\/velvetnira.com\/de\/wp-json\/wp\/v2\/product\/9123\/revisions"}],"wp:featuredmedia":[{"embeddable":true,"href":"https:\/\/velvetnira.com\/de\/wp-json\/wp\/v2\/media\/6367"}],"wp:attachment":[{"href":"https:\/\/velvetnira.com\/de\/wp-json\/wp\/v2\/media?parent=9123"}],"wp:term":[{"taxonomy":"brand","embeddable":true,"href":"https:\/\/velvetnira.com\/de\/wp-json\/wp\/v2\/etheme_brands?post=9123"},{"taxonomy":"product_brand","embeddable":true,"href":"https:\/\/velvetnira.com\/de\/wp-json\/wp\/v2\/product_brand?post=9123"},{"taxonomy":"product_cat","embeddable":true,"href":"https:\/\/velvetnira.com\/de\/wp-json\/wp\/v2\/product_cat?post=9123"},{"taxonomy":"product_tag","embeddable":true,"href":"https:\/\/velvetnira.com\/de\/wp-json\/wp\/v2\/product_tag?post=9123"}],"curies":[{"name":"wp","href":"https:\/\/api.w.org\/{rel}","templated":true}]}}