{"id":9118,"date":"2026-01-11T13:14:55","date_gmt":"2026-01-11T13:14:55","guid":{"rendered":"https:\/\/velvetnira.com\/sklep\/herren-t-shirt-modell-luca-1502-black-teyli\/"},"modified":"2026-01-11T13:14:55","modified_gmt":"2026-01-11T13:14:55","slug":"herren-t-shirt-modell-luca-1502-black-teyli","status":"publish","type":"product","link":"https:\/\/velvetnira.com\/de\/sklep\/herren-t-shirt-modell-luca-1502-black-teyli\/","title":{"rendered":"Herren T-Shirt Modell Luca 1502 Black &#8211; Teyli"},"content":{"rendered":"<p>Herren T-Shirt in Schwarz. Das Shirt hat einen klassischen, geraden Schnitt, der leicht an der m\u00e4nnlichen Silhouette anliegt. Die hochwertige Stoffzusammensetzung, angenehm auf der Haut und weich im Griff, macht das Unterhemd sehr komfortabel im Gebrauch. Baumwolle plus elastische Lycra-Faser erm\u00f6glicht eine perfekte Anpassung des Shirts an die Silhouette und sch\u00fctzt vor Dehnung am Hals und in der L\u00e4nge. Bei richtiger Temperatur gewaschen beh\u00e4lt es sein urspr\u00fcngliches Aussehen. Das Shirt hat kurze, anliegende \u00c4rmel und ist am Hals halbrund abgeschlossen. Das T-Shirt hat keine Aufdrucke oder Applikationen, lediglich auf einem der \u00c4rmel ist ein dezentes Metall-Logo der Firma aufgen\u00e4ht. Das Shirt hat einen klassischen Schnitt und ist eine perfekte Erg\u00e4nzung f\u00fcr allt\u00e4gliche Outfits, zum Beispiel zu engen Jeans und klassischen Sakkos. Das Shirt l\u00e4sst sich auch mit kurzen Shorts und Sneakers kombinieren \u2013 ein Outfit f\u00fcr lockere gesellige Treffen. Das Shirt reicht in der L\u00e4nge bis zum Ges\u00e4\u00df. So ein schlichtes, klassisches Shirt-Modell sollte die Basis jeder M\u00e4nnergarderobe sein. <\/p>\n<div class=\"prod_data\">\n\t\t\t<strong>Baumwolle<\/strong> 100 % \t\t<\/p>\n<table class=\"prod_table table table-striped table-bordered table-hover table-responsive\">\n<thead>\n<tr>\n<th>Gr\u00f6\u00dfe<\/th>\n<th>Brustumfang<\/th>\n<\/tr>\n<\/thead>\n<tr>\n<td><b>L<\/b><\/td>\n<td align=\"right\">104 cm<\/td>\n<\/tr>\n<tr>\n<td><b>M<\/b><\/td>\n<td align=\"right\">100 cm<\/td>\n<\/tr>\n<tr>\n<td><b>XL<\/b><\/td>\n<td align=\"right\">108 cm<\/td>\n<\/tr>\n<tr>\n<td><b>XXL<\/b><\/td>\n<td align=\"right\">112 cm<\/td>\n<\/tr>\n<tr>\n<td><b>XXXL<\/b><\/td>\n<td align=\"right\">116 cm<\/td>\n<\/tr>\n<\/table><\/div>\n","protected":false},"excerpt":{"rendered":"<p>Herren T-Shirt in Schwarz. Das Shirt hat einen klassischen, geraden Schnitt, der leicht an der m\u00e4nnlichen Silhouette anliegt. Die hochwertige Stoffzusammensetzung, angenehm auf der Haut&#8230;<\/p>\n","protected":false},"featured_media":6337,"comment_status":"closed","ping_status":"open","template":"","meta":[],"etheme_brands":[],"product_brand":[],"product_cat":[266],"product_tag":[],"class_list":{"0":"post-9118","1":"product","2":"type-product","3":"status-publish","4":"has-post-thumbnail","6":"product_cat-t-shirts-und-polos","7":"pa_kolor-schwarz","8":"pa_producent-teyli","9":"pa_rozmiar-l","10":"pa_rozmiar-m","11":"pa_rozmiar-xxl","12":"pa_rozmiar-xxxl","14":"first","15":"instock","16":"taxable","17":"shipping-taxable","18":"purchasable","19":"product-type-variable"},"_links":{"self":[{"href":"https:\/\/velvetnira.com\/de\/wp-json\/wp\/v2\/product\/9118","targetHints":{"allow":["GET"]}}],"collection":[{"href":"https:\/\/velvetnira.com\/de\/wp-json\/wp\/v2\/product"}],"about":[{"href":"https:\/\/velvetnira.com\/de\/wp-json\/wp\/v2\/types\/product"}],"replies":[{"embeddable":true,"href":"https:\/\/velvetnira.com\/de\/wp-json\/wp\/v2\/comments?post=9118"}],"version-history":[{"count":0,"href":"https:\/\/velvetnira.com\/de\/wp-json\/wp\/v2\/product\/9118\/revisions"}],"wp:featuredmedia":[{"embeddable":true,"href":"https:\/\/velvetnira.com\/de\/wp-json\/wp\/v2\/media\/6337"}],"wp:attachment":[{"href":"https:\/\/velvetnira.com\/de\/wp-json\/wp\/v2\/media?parent=9118"}],"wp:term":[{"taxonomy":"brand","embeddable":true,"href":"https:\/\/velvetnira.com\/de\/wp-json\/wp\/v2\/etheme_brands?post=9118"},{"taxonomy":"product_brand","embeddable":true,"href":"https:\/\/velvetnira.com\/de\/wp-json\/wp\/v2\/product_brand?post=9118"},{"taxonomy":"product_cat","embeddable":true,"href":"https:\/\/velvetnira.com\/de\/wp-json\/wp\/v2\/product_cat?post=9118"},{"taxonomy":"product_tag","embeddable":true,"href":"https:\/\/velvetnira.com\/de\/wp-json\/wp\/v2\/product_tag?post=9118"}],"curies":[{"name":"wp","href":"https:\/\/api.w.org\/{rel}","templated":true}]}}