{"id":9112,"date":"2026-01-11T13:14:28","date_gmt":"2026-01-11T13:14:28","guid":{"rendered":"https:\/\/velvetnira.com\/sklep\/herren-t-shirt-modell-17185-weiss-yournewstyle\/"},"modified":"2026-01-11T13:14:28","modified_gmt":"2026-01-11T13:14:28","slug":"herren-t-shirt-modell-17185-weiss-yournewstyle","status":"publish","type":"product","link":"https:\/\/velvetnira.com\/de\/sklep\/herren-t-shirt-modell-17185-weiss-yournewstyle\/","title":{"rendered":"Herren-T-Shirt Modell 17185 Wei\u00df &#8211; YourNewStyle"},"content":{"rendered":"<p>Wei\u00dfes Herren-T-Shirt mit kurzen \u00c4rmeln. Das Shirt ist aus Stoff mit Spinnennetz-Muster.  <br \/> Material: 100 % Baumwolle<\/p>\n","protected":false},"excerpt":{"rendered":"<p>Wei\u00dfes Herren-T-Shirt mit kurzen \u00c4rmeln. Das Shirt ist aus Stoff mit Spinnennetz-Muster. Material: 100 % Baumwolle<\/p>\n","protected":false},"featured_media":6252,"comment_status":"closed","ping_status":"open","template":"","meta":[],"etheme_brands":[],"product_brand":[],"product_cat":[266],"product_tag":[],"class_list":{"0":"post-9112","1":"product","2":"type-product","3":"status-publish","4":"has-post-thumbnail","6":"product_cat-t-shirts-und-polos","7":"pa_kolor-weiss","8":"pa_producent-yournewstyle","9":"pa_rozmiar-l","11":"first","12":"instock","13":"taxable","14":"shipping-taxable","15":"purchasable","16":"product-type-variable"},"_links":{"self":[{"href":"https:\/\/velvetnira.com\/de\/wp-json\/wp\/v2\/product\/9112","targetHints":{"allow":["GET"]}}],"collection":[{"href":"https:\/\/velvetnira.com\/de\/wp-json\/wp\/v2\/product"}],"about":[{"href":"https:\/\/velvetnira.com\/de\/wp-json\/wp\/v2\/types\/product"}],"replies":[{"embeddable":true,"href":"https:\/\/velvetnira.com\/de\/wp-json\/wp\/v2\/comments?post=9112"}],"version-history":[{"count":0,"href":"https:\/\/velvetnira.com\/de\/wp-json\/wp\/v2\/product\/9112\/revisions"}],"wp:featuredmedia":[{"embeddable":true,"href":"https:\/\/velvetnira.com\/de\/wp-json\/wp\/v2\/media\/6252"}],"wp:attachment":[{"href":"https:\/\/velvetnira.com\/de\/wp-json\/wp\/v2\/media?parent=9112"}],"wp:term":[{"taxonomy":"brand","embeddable":true,"href":"https:\/\/velvetnira.com\/de\/wp-json\/wp\/v2\/etheme_brands?post=9112"},{"taxonomy":"product_brand","embeddable":true,"href":"https:\/\/velvetnira.com\/de\/wp-json\/wp\/v2\/product_brand?post=9112"},{"taxonomy":"product_cat","embeddable":true,"href":"https:\/\/velvetnira.com\/de\/wp-json\/wp\/v2\/product_cat?post=9112"},{"taxonomy":"product_tag","embeddable":true,"href":"https:\/\/velvetnira.com\/de\/wp-json\/wp\/v2\/product_tag?post=9112"}],"curies":[{"name":"wp","href":"https:\/\/api.w.org\/{rel}","templated":true}]}}