{"id":9101,"date":"2026-01-11T13:14:40","date_gmt":"2026-01-11T13:14:40","guid":{"rendered":"https:\/\/velvetnira.com\/sklep\/herren-t-shirt-modell-dany-v-1503-schwarz-teyli\/"},"modified":"2026-01-11T13:14:40","modified_gmt":"2026-01-11T13:14:40","slug":"herren-t-shirt-modell-dany-v-1503-schwarz-teyli","status":"publish","type":"product","link":"https:\/\/velvetnira.com\/de\/sklep\/herren-t-shirt-modell-dany-v-1503-schwarz-teyli\/","title":{"rendered":"Herren-T-Shirt Modell Dany V 1503 Schwarz &#8211; Teyli"},"content":{"rendered":"<p>Herren-T-Shirt in sattem Schwarz. Ein schwarzes Herren-T-Shirt ist ein Basic in jeder Herrengarderobe, das sich vielseitig stylen l\u00e4sst: kombiniert mit schmalen Slim-Fit-Hosen und einem Sakko ist es das perfekte Outfit f\u00fcrs B\u00fcro. Jeder Mann wird sich in dieser Kombination attraktiv und stylisch f\u00fchlen. Das T-Shirt ist aus hochwertiger Baumwolle gefertigt, die leicht und atmungsaktiv ist. Der Zusatz von elastischer Lycra-Faser sorgt daf\u00fcr, dass das T-Shirt perfekt am K\u00f6rper anliegt und effektiv aussieht. Der Halsausschnitt des T-Shirts ist leicht spitz zulaufend, was den m\u00e4nnlichen Hals optisch verl\u00e4ngert. Die kurzen \u00c4rmel passen sich den Armen an und stehen nicht ab; auf einem davon ist ein dezentes Metalllogo der Firma aufgen\u00e4ht. Ansonsten hat das T-Shirt keine Verzierungen oder Aufdrucke. Die hochwertige Baumwolle garantiert, dass das T-Shirt nach dem Waschen seine Form nicht ver\u00e4ndert und sich nicht dehnt. Das T-Shirt ist auch in vielen anderen Basisfarben erh\u00e4ltlich, sodass jeder Mann sicherlich das Passende f\u00fcr seine Bed\u00fcrfnisse finden wird.         <\/p>\n<div class=\"prod_data\">\n\t\t\t<strong>Baumwolle<\/strong> 100 % \t\t<\/p>\n<table class=\"prod_table table table-striped table-bordered table-hover table-responsive\">\n<thead>\n<tr>\n<th>Gr\u00f6\u00dfe<\/th>\n<th>Brustumfang<\/th>\n<\/tr>\n<\/thead>\n<tr>\n<td><b>L<\/b><\/td>\n<td align=\"right\">104 cm<\/td>\n<\/tr>\n<tr>\n<td><b>M<\/b><\/td>\n<td align=\"right\">100 cm<\/td>\n<\/tr>\n<tr>\n<td><b>S<\/b><\/td>\n<td align=\"right\">96 cm<\/td>\n<\/tr>\n<tr>\n<td><b>XL<\/b><\/td>\n<td align=\"right\">108 cm<\/td>\n<\/tr>\n<tr>\n<td><b>XXL<\/b><\/td>\n<td align=\"right\">112 cm<\/td>\n<\/tr>\n<tr>\n<td><b>XXXL<\/b><\/td>\n<td align=\"right\">116 cm<\/td>\n<\/tr>\n<\/table><\/div>\n","protected":false},"excerpt":{"rendered":"<p>Herren-T-Shirt in sattem Schwarz. Ein schwarzes Herren-T-Shirt ist ein Basic in jeder Herrengarderobe, das sich vielseitig stylen l\u00e4sst: kombiniert mit schmalen Slim-Fit-Hosen und einem Sakko&#8230;<\/p>\n","protected":false},"featured_media":6287,"comment_status":"closed","ping_status":"open","template":"","meta":[],"etheme_brands":[],"product_brand":[],"product_cat":[266],"product_tag":[],"class_list":{"0":"post-9101","1":"product","2":"type-product","3":"status-publish","4":"has-post-thumbnail","6":"product_cat-t-shirts-und-polos","7":"pa_kolor-schwarz","8":"pa_producent-teyli","9":"pa_rozmiar-l","10":"pa_rozmiar-m","11":"pa_rozmiar-s","12":"pa_rozmiar-xxl","13":"pa_rozmiar-xxxl","15":"first","16":"instock","17":"taxable","18":"shipping-taxable","19":"purchasable","20":"product-type-variable"},"_links":{"self":[{"href":"https:\/\/velvetnira.com\/de\/wp-json\/wp\/v2\/product\/9101","targetHints":{"allow":["GET"]}}],"collection":[{"href":"https:\/\/velvetnira.com\/de\/wp-json\/wp\/v2\/product"}],"about":[{"href":"https:\/\/velvetnira.com\/de\/wp-json\/wp\/v2\/types\/product"}],"replies":[{"embeddable":true,"href":"https:\/\/velvetnira.com\/de\/wp-json\/wp\/v2\/comments?post=9101"}],"version-history":[{"count":0,"href":"https:\/\/velvetnira.com\/de\/wp-json\/wp\/v2\/product\/9101\/revisions"}],"wp:featuredmedia":[{"embeddable":true,"href":"https:\/\/velvetnira.com\/de\/wp-json\/wp\/v2\/media\/6287"}],"wp:attachment":[{"href":"https:\/\/velvetnira.com\/de\/wp-json\/wp\/v2\/media?parent=9101"}],"wp:term":[{"taxonomy":"brand","embeddable":true,"href":"https:\/\/velvetnira.com\/de\/wp-json\/wp\/v2\/etheme_brands?post=9101"},{"taxonomy":"product_brand","embeddable":true,"href":"https:\/\/velvetnira.com\/de\/wp-json\/wp\/v2\/product_brand?post=9101"},{"taxonomy":"product_cat","embeddable":true,"href":"https:\/\/velvetnira.com\/de\/wp-json\/wp\/v2\/product_cat?post=9101"},{"taxonomy":"product_tag","embeddable":true,"href":"https:\/\/velvetnira.com\/de\/wp-json\/wp\/v2\/product_tag?post=9101"}],"curies":[{"name":"wp","href":"https:\/\/api.w.org\/{rel}","templated":true}]}}