{"id":9099,"date":"2026-01-11T13:14:32","date_gmt":"2026-01-11T13:14:32","guid":{"rendered":"https:\/\/velvetnira.com\/sklep\/herren-t-shirt-modell-luca-vneck-jeans-pierre-cardin\/"},"modified":"2026-01-11T13:14:32","modified_gmt":"2026-01-11T13:14:32","slug":"herren-t-shirt-modell-luca-vneck-jeans-pierre-cardin","status":"publish","type":"product","link":"https:\/\/velvetnira.com\/de\/sklep\/herren-t-shirt-modell-luca-vneck-jeans-pierre-cardin\/","title":{"rendered":"Herren T-Shirt Modell Luca Vneck Jeans &#8211; Pierre Cardin"},"content":{"rendered":"<p>Schlichtes Herren-T-Shirt von Pierre Cardin. Auf dem Etikett befindet sich ein Hologramm, das die Echtheit dieser Marke best\u00e4tigt. V-Ausschnitt, kurze \u00c4rmel und vor allem weicher, hochwertiger Stoff machen es zu einem gro\u00dfartigen, praktisch unverzichtbaren Produkt f\u00fcr jeden Mann. Auf der Brust der Schriftzug Pierre Cardin.    <\/p>\n<div class=\"prod_data\">\n\t\t\t<strong>Baumwolle<\/strong> 100 % \t\t<\/p>\n<table class=\"prod_table table table-striped table-bordered table-hover table-responsive\">\n<thead>\n<tr>\n<th>Gr\u00f6\u00dfe<\/th>\n<th>Gesamtl\u00e4nge<\/th>\n<th>Brustumfang<\/th>\n<\/tr>\n<\/thead>\n<tr>\n<td><b>L<\/b><\/td>\n<td align=\"right\">71 cm<\/td>\n<td align=\"right\">107 cm<\/td>\n<\/tr>\n<tr>\n<td><b>M<\/b><\/td>\n<td align=\"right\">70 cm<\/td>\n<td align=\"right\">101 cm<\/td>\n<\/tr>\n<tr>\n<td><b>XL<\/b><\/td>\n<td align=\"right\">72 cm<\/td>\n<td align=\"right\">113 cm<\/td>\n<\/tr>\n<tr>\n<td><b>XXL<\/b><\/td>\n<td align=\"right\">73 cm<\/td>\n<td align=\"right\">119 cm<\/td>\n<\/tr>\n<\/table><\/div>\n","protected":false},"excerpt":{"rendered":"<p>Schlichtes Herren-T-Shirt von Pierre Cardin. Auf dem Etikett befindet sich ein Hologramm, das die Echtheit dieser Marke best\u00e4tigt. V-Ausschnitt, kurze \u00c4rmel und vor allem weicher,&#8230;<\/p>\n","protected":false},"featured_media":6264,"comment_status":"closed","ping_status":"open","template":"","meta":[],"etheme_brands":[],"product_brand":[],"product_cat":[266],"product_tag":[],"class_list":{"0":"post-9099","1":"product","2":"type-product","3":"status-publish","4":"has-post-thumbnail","6":"product_cat-t-shirts-und-polos","7":"pa_kolor-blau","8":"pa_producent-pierre-cardin","9":"pa_rozmiar-l","11":"first","12":"instock","13":"taxable","14":"shipping-taxable","15":"purchasable","16":"product-type-variable"},"_links":{"self":[{"href":"https:\/\/velvetnira.com\/de\/wp-json\/wp\/v2\/product\/9099","targetHints":{"allow":["GET"]}}],"collection":[{"href":"https:\/\/velvetnira.com\/de\/wp-json\/wp\/v2\/product"}],"about":[{"href":"https:\/\/velvetnira.com\/de\/wp-json\/wp\/v2\/types\/product"}],"replies":[{"embeddable":true,"href":"https:\/\/velvetnira.com\/de\/wp-json\/wp\/v2\/comments?post=9099"}],"version-history":[{"count":0,"href":"https:\/\/velvetnira.com\/de\/wp-json\/wp\/v2\/product\/9099\/revisions"}],"wp:featuredmedia":[{"embeddable":true,"href":"https:\/\/velvetnira.com\/de\/wp-json\/wp\/v2\/media\/6264"}],"wp:attachment":[{"href":"https:\/\/velvetnira.com\/de\/wp-json\/wp\/v2\/media?parent=9099"}],"wp:term":[{"taxonomy":"brand","embeddable":true,"href":"https:\/\/velvetnira.com\/de\/wp-json\/wp\/v2\/etheme_brands?post=9099"},{"taxonomy":"product_brand","embeddable":true,"href":"https:\/\/velvetnira.com\/de\/wp-json\/wp\/v2\/product_brand?post=9099"},{"taxonomy":"product_cat","embeddable":true,"href":"https:\/\/velvetnira.com\/de\/wp-json\/wp\/v2\/product_cat?post=9099"},{"taxonomy":"product_tag","embeddable":true,"href":"https:\/\/velvetnira.com\/de\/wp-json\/wp\/v2\/product_tag?post=9099"}],"curies":[{"name":"wp","href":"https:\/\/api.w.org\/{rel}","templated":true}]}}