{"id":9082,"date":"2026-01-11T13:15:00","date_gmt":"2026-01-11T13:15:00","guid":{"rendered":"https:\/\/velvetnira.com\/sklep\/herren-t-shirt-modell-dany-v-1503-navy-teyli\/"},"modified":"2026-01-11T13:15:00","modified_gmt":"2026-01-11T13:15:00","slug":"herren-t-shirt-modell-dany-v-1503-navy-teyli","status":"publish","type":"product","link":"https:\/\/velvetnira.com\/de\/sklep\/herren-t-shirt-modell-dany-v-1503-navy-teyli\/","title":{"rendered":"Herren-T-Shirt Modell Dany V 1503 Navy &#8211; Teyli"},"content":{"rendered":"<p>Herren-T-Shirt mit kurzen \u00c4rmeln, die perfekt an den Armen anliegen, in Marineblau. Auf einem der \u00c4rmel befindet sich ein dezentes Metall-Logo der Marke. Das Shirt besteht aus weicher Baumwolle, die angenehm auf der Haut liegt und sehr atmungsaktiv ist, sodass der K\u00f6rper nicht schwitzt und frisch bleibt, und enth\u00e4lt zus\u00e4tzlich elastische Lycra-Fasern, die das Ausleiern des Shirts verhindern. Das T-Shirt hat einen V-Ausschnitt im Halsbereich, der sehr sauber verarbeitet ist. Das Herren-Shirt reicht in der L\u00e4nge bis zur H\u00fcftmitte, hat keine Aufdrucke, Applikationen oder Muster und ist glatt in einer einheitlichen Farbe. In Kombination mit schmalen Hosen entsteht ein Alltagslook, in dem jeder moderne Mann, der gerne gut aussieht, eine gute Figur macht. Das Shirt beh\u00e4lt bei W\u00e4sche in der richtigen Temperatur gem\u00e4\u00df Etikett seine Form und sein urspr\u00fcngliches Aussehen.       <\/p>\n<div class=\"prod_data\">\n\t\t\t<strong>Baumwolle<\/strong> 100 % \t\t<\/p>\n<table class=\"prod_table table table-striped table-bordered table-hover table-responsive\">\n<thead>\n<tr>\n<th>Gr\u00f6\u00dfe<\/th>\n<th>Brustumfang<\/th>\n<\/tr>\n<\/thead>\n<tr>\n<td><b>L<\/b><\/td>\n<td align=\"right\">104 cm<\/td>\n<\/tr>\n<tr>\n<td><b>M<\/b><\/td>\n<td align=\"right\">100 cm<\/td>\n<\/tr>\n<tr>\n<td><b>S<\/b><\/td>\n<td align=\"right\">96 cm<\/td>\n<\/tr>\n<tr>\n<td><b>XL<\/b><\/td>\n<td align=\"right\">108 cm<\/td>\n<\/tr>\n<tr>\n<td><b>XXL<\/b><\/td>\n<td align=\"right\">112 cm<\/td>\n<\/tr>\n<tr>\n<td><b>XXXL<\/b><\/td>\n<td align=\"right\">116 cm<\/td>\n<\/tr>\n<\/table><\/div>\n","protected":false},"excerpt":{"rendered":"<p>Herren-T-Shirt mit kurzen \u00c4rmeln, die perfekt an den Armen anliegen, in Marineblau. Auf einem der \u00c4rmel befindet sich ein dezentes Metall-Logo der Marke. Das Shirt&#8230;<\/p>\n","protected":false},"featured_media":6355,"comment_status":"closed","ping_status":"open","template":"","meta":[],"etheme_brands":[],"product_brand":[],"product_cat":[266],"product_tag":[],"class_list":{"0":"post-9082","1":"product","2":"type-product","3":"status-publish","4":"has-post-thumbnail","6":"product_cat-t-shirts-und-polos","7":"pa_kolor-marineblau","8":"pa_producent-teyli","9":"pa_rozmiar-l","10":"pa_rozmiar-m","11":"pa_rozmiar-s","12":"pa_rozmiar-xxl","13":"pa_rozmiar-xxxl","15":"first","16":"instock","17":"taxable","18":"shipping-taxable","19":"purchasable","20":"product-type-variable"},"_links":{"self":[{"href":"https:\/\/velvetnira.com\/de\/wp-json\/wp\/v2\/product\/9082","targetHints":{"allow":["GET"]}}],"collection":[{"href":"https:\/\/velvetnira.com\/de\/wp-json\/wp\/v2\/product"}],"about":[{"href":"https:\/\/velvetnira.com\/de\/wp-json\/wp\/v2\/types\/product"}],"replies":[{"embeddable":true,"href":"https:\/\/velvetnira.com\/de\/wp-json\/wp\/v2\/comments?post=9082"}],"version-history":[{"count":0,"href":"https:\/\/velvetnira.com\/de\/wp-json\/wp\/v2\/product\/9082\/revisions"}],"wp:featuredmedia":[{"embeddable":true,"href":"https:\/\/velvetnira.com\/de\/wp-json\/wp\/v2\/media\/6355"}],"wp:attachment":[{"href":"https:\/\/velvetnira.com\/de\/wp-json\/wp\/v2\/media?parent=9082"}],"wp:term":[{"taxonomy":"brand","embeddable":true,"href":"https:\/\/velvetnira.com\/de\/wp-json\/wp\/v2\/etheme_brands?post=9082"},{"taxonomy":"product_brand","embeddable":true,"href":"https:\/\/velvetnira.com\/de\/wp-json\/wp\/v2\/product_brand?post=9082"},{"taxonomy":"product_cat","embeddable":true,"href":"https:\/\/velvetnira.com\/de\/wp-json\/wp\/v2\/product_cat?post=9082"},{"taxonomy":"product_tag","embeddable":true,"href":"https:\/\/velvetnira.com\/de\/wp-json\/wp\/v2\/product_tag?post=9082"}],"curies":[{"name":"wp","href":"https:\/\/api.w.org\/{rel}","templated":true}]}}