{"id":9074,"date":"2026-01-11T13:14:42","date_gmt":"2026-01-11T13:14:42","guid":{"rendered":"https:\/\/velvetnira.com\/sklep\/herren-t-shirt-modell-dany-v-1503-weiss-teyli\/"},"modified":"2026-01-11T13:14:42","modified_gmt":"2026-01-11T13:14:42","slug":"herren-t-shirt-modell-dany-v-1503-weiss-teyli","status":"publish","type":"product","link":"https:\/\/velvetnira.com\/de\/sklep\/herren-t-shirt-modell-dany-v-1503-weiss-teyli\/","title":{"rendered":"Herren-T-Shirt Modell Dany V 1503 Wei\u00df &#8211; Teyli"},"content":{"rendered":"<p>Ein wei\u00dfes Herren-T-Shirt mit kurzen \u00c4rmeln, die perfekt an den Armen anliegen und die m\u00e4nnlichen Schultern betonen. Das T-Shirt ist aus hochwertiger Baumwolle mit Lycra-Faser gefertigt, die elastisch ist, wodurch das Shirt sich nicht dehnt, seine Form nicht ver\u00e4ndert, sondern sich perfekt an die m\u00e4nnliche Figur anpasst. Es reicht bis zur Mitte des Ges\u00e4\u00dfes, ist locker geschnitten, wodurch du beim Tragen Komfort sp\u00fcrst. Auf einem der \u00c4rmel ist ein dezentes Metall-Firmenlogo aufgen\u00e4ht. Ein wei\u00dfes T-Shirt ist eine Grundlage in der Herrengarderobe, denn es passt zu jedem Alltags-Outfit, f\u00fcr die Arbeit oder f\u00fcr gesellige Treffen mit Freunden. Ein solches T-Shirt bietet jedem Mann Komfort, da der K\u00f6rper nicht schwitzt. Es ist auch in vielen anderen Basisfarben erh\u00e4ltlich, sodass jeder Mann die M\u00f6glichkeit hat, das passende T-Shirt f\u00fcr seine Bed\u00fcrfnisse zu w\u00e4hlen. Dies ist ein ideales Angebot f\u00fcr Fans von Klassik und einfachen Schnitten. Es sollte in keiner Garderobe eines eleganten Mannes fehlen.         <\/p>\n<div class=\"prod_data\">\n\t\t\t<strong>Baumwolle<\/strong> 100 % \t\t<\/p>\n<table class=\"prod_table table table-striped table-bordered table-hover table-responsive\">\n<thead>\n<tr>\n<th>Gr\u00f6\u00dfe<\/th>\n<th>Brustumfang<\/th>\n<\/tr>\n<\/thead>\n<tr>\n<td><b>L<\/b><\/td>\n<td align=\"right\">104 cm<\/td>\n<\/tr>\n<tr>\n<td><b>M<\/b><\/td>\n<td align=\"right\">100 cm<\/td>\n<\/tr>\n<tr>\n<td><b>S<\/b><\/td>\n<td align=\"right\">96 cm<\/td>\n<\/tr>\n<tr>\n<td><b>XL<\/b><\/td>\n<td align=\"right\">108 cm<\/td>\n<\/tr>\n<tr>\n<td><b>XXL<\/b><\/td>\n<td align=\"right\">112 cm<\/td>\n<\/tr>\n<tr>\n<td><b>XXXL<\/b><\/td>\n<td align=\"right\">116 cm<\/td>\n<\/tr>\n<\/table><\/div>\n","protected":false},"excerpt":{"rendered":"<p>Ein wei\u00dfes Herren-T-Shirt mit kurzen \u00c4rmeln, die perfekt an den Armen anliegen und die m\u00e4nnlichen Schultern betonen. Das T-Shirt ist aus hochwertiger Baumwolle mit Lycra-Faser&#8230;<\/p>\n","protected":false},"featured_media":6295,"comment_status":"closed","ping_status":"open","template":"","meta":[],"etheme_brands":[],"product_brand":[],"product_cat":[266],"product_tag":[],"class_list":{"0":"post-9074","1":"product","2":"type-product","3":"status-publish","4":"has-post-thumbnail","6":"product_cat-t-shirts-und-polos","7":"pa_kolor-weiss","8":"pa_producent-teyli","9":"pa_rozmiar-l","10":"pa_rozmiar-m","11":"pa_rozmiar-s","12":"pa_rozmiar-xxl","13":"pa_rozmiar-xxxl","15":"first","16":"instock","17":"taxable","18":"shipping-taxable","19":"purchasable","20":"product-type-variable"},"_links":{"self":[{"href":"https:\/\/velvetnira.com\/de\/wp-json\/wp\/v2\/product\/9074","targetHints":{"allow":["GET"]}}],"collection":[{"href":"https:\/\/velvetnira.com\/de\/wp-json\/wp\/v2\/product"}],"about":[{"href":"https:\/\/velvetnira.com\/de\/wp-json\/wp\/v2\/types\/product"}],"replies":[{"embeddable":true,"href":"https:\/\/velvetnira.com\/de\/wp-json\/wp\/v2\/comments?post=9074"}],"version-history":[{"count":0,"href":"https:\/\/velvetnira.com\/de\/wp-json\/wp\/v2\/product\/9074\/revisions"}],"wp:featuredmedia":[{"embeddable":true,"href":"https:\/\/velvetnira.com\/de\/wp-json\/wp\/v2\/media\/6295"}],"wp:attachment":[{"href":"https:\/\/velvetnira.com\/de\/wp-json\/wp\/v2\/media?parent=9074"}],"wp:term":[{"taxonomy":"brand","embeddable":true,"href":"https:\/\/velvetnira.com\/de\/wp-json\/wp\/v2\/etheme_brands?post=9074"},{"taxonomy":"product_brand","embeddable":true,"href":"https:\/\/velvetnira.com\/de\/wp-json\/wp\/v2\/product_brand?post=9074"},{"taxonomy":"product_cat","embeddable":true,"href":"https:\/\/velvetnira.com\/de\/wp-json\/wp\/v2\/product_cat?post=9074"},{"taxonomy":"product_tag","embeddable":true,"href":"https:\/\/velvetnira.com\/de\/wp-json\/wp\/v2\/product_tag?post=9074"}],"curies":[{"name":"wp","href":"https:\/\/api.w.org\/{rel}","templated":true}]}}