{"id":9063,"date":"2026-01-11T13:14:53","date_gmt":"2026-01-11T13:14:53","guid":{"rendered":"https:\/\/velvetnira.com\/sklep\/herren-t-shirt-modell-luca-1502-blau-teyli\/"},"modified":"2026-01-11T13:14:53","modified_gmt":"2026-01-11T13:14:53","slug":"herren-t-shirt-modell-luca-1502-blau-teyli","status":"publish","type":"product","link":"https:\/\/velvetnira.com\/de\/sklep\/herren-t-shirt-modell-luca-1502-blau-teyli\/","title":{"rendered":"Herren-T-Shirt Modell Luca 1502 Blau &#8211; Teyli"},"content":{"rendered":"<p>Herren-T-Shirt in Blau. Das T-Shirt hat einen schlichten, leicht taillierten Schnitt, der die m\u00e4nnliche Figur betont. Es ist aus hochwertiger, zarter und angenehm weicher, atmungsaktiver Baumwolle mit Lycra-Faseranteil gefertigt, die vor dem Ausleiern sch\u00fctzt und sich angenehm auf der Haut anf\u00fchlt. Das Shirt ist sehr komfortabel und bequem zu tragen. Der Halsausschnitt ist halbrund und sauber verarbeitet. Das T-Shirt hat kurze \u00c4rmel, auf einem davon ist ein dezentes Firmenlogo aufgen\u00e4ht. Das Shirt hat keine Verzierungen oder Applikationen, es ist glatt und klassisch. Die L\u00e4nge reicht bis zur Mitte des Ges\u00e4\u00dfes. Das T-Shirt passt perfekt zu schlichten Slim-Fit-Hosen und ist ein grundlegendes Element der Herrengarderobe f\u00fcr jeden Stil, ob f\u00fcr den Alltag, die Arbeit oder Ausfl\u00fcge mit Freunden. Es l\u00e4sst sich hervorragend mit Jeans und sportlichen Sakkos kombinieren. Jeder moderne Mann sollte ein klassisches T-Shirt in seinem Kleiderschrank haben.            <\/p>\n<div class=\"prod_data\">\n\t\t\t<strong>Baumwolle<\/strong> 100 % \t\t<\/p>\n<table class=\"prod_table table table-striped table-bordered table-hover table-responsive\">\n<thead>\n<tr>\n<th>Gr\u00f6\u00dfe<\/th>\n<th>Brustumfang<\/th>\n<\/tr>\n<\/thead>\n<tr>\n<td><b>L<\/b><\/td>\n<td align=\"right\">104 cm<\/td>\n<\/tr>\n<tr>\n<td><b>M<\/b><\/td>\n<td align=\"right\">100 cm<\/td>\n<\/tr>\n<tr>\n<td><b>XL<\/b><\/td>\n<td align=\"right\">108 cm<\/td>\n<\/tr>\n<tr>\n<td><b>XXL<\/b><\/td>\n<td align=\"right\">112 cm<\/td>\n<\/tr>\n<tr>\n<td><b>XXXL<\/b><\/td>\n<td align=\"right\">116 cm<\/td>\n<\/tr>\n<\/table><\/div>\n","protected":false},"excerpt":{"rendered":"<p>Herren-T-Shirt in Blau. Das T-Shirt hat einen schlichten, leicht taillierten Schnitt, der die m\u00e4nnliche Figur betont. Es ist aus hochwertiger, zarter und angenehm weicher, atmungsaktiver&#8230;<\/p>\n","protected":false},"featured_media":6332,"comment_status":"closed","ping_status":"open","template":"","meta":[],"etheme_brands":[],"product_brand":[],"product_cat":[266],"product_tag":[],"class_list":{"0":"post-9063","1":"product","2":"type-product","3":"status-publish","4":"has-post-thumbnail","6":"product_cat-t-shirts-und-polos","7":"pa_kolor-blau","8":"pa_producent-teyli","9":"pa_rozmiar-l","10":"pa_rozmiar-xxl","11":"pa_rozmiar-xxxl","13":"first","14":"instock","15":"taxable","16":"shipping-taxable","17":"purchasable","18":"product-type-variable"},"_links":{"self":[{"href":"https:\/\/velvetnira.com\/de\/wp-json\/wp\/v2\/product\/9063","targetHints":{"allow":["GET"]}}],"collection":[{"href":"https:\/\/velvetnira.com\/de\/wp-json\/wp\/v2\/product"}],"about":[{"href":"https:\/\/velvetnira.com\/de\/wp-json\/wp\/v2\/types\/product"}],"replies":[{"embeddable":true,"href":"https:\/\/velvetnira.com\/de\/wp-json\/wp\/v2\/comments?post=9063"}],"version-history":[{"count":0,"href":"https:\/\/velvetnira.com\/de\/wp-json\/wp\/v2\/product\/9063\/revisions"}],"wp:featuredmedia":[{"embeddable":true,"href":"https:\/\/velvetnira.com\/de\/wp-json\/wp\/v2\/media\/6332"}],"wp:attachment":[{"href":"https:\/\/velvetnira.com\/de\/wp-json\/wp\/v2\/media?parent=9063"}],"wp:term":[{"taxonomy":"brand","embeddable":true,"href":"https:\/\/velvetnira.com\/de\/wp-json\/wp\/v2\/etheme_brands?post=9063"},{"taxonomy":"product_brand","embeddable":true,"href":"https:\/\/velvetnira.com\/de\/wp-json\/wp\/v2\/product_brand?post=9063"},{"taxonomy":"product_cat","embeddable":true,"href":"https:\/\/velvetnira.com\/de\/wp-json\/wp\/v2\/product_cat?post=9063"},{"taxonomy":"product_tag","embeddable":true,"href":"https:\/\/velvetnira.com\/de\/wp-json\/wp\/v2\/product_tag?post=9063"}],"curies":[{"name":"wp","href":"https:\/\/api.w.org\/{rel}","templated":true}]}}