{"id":9018,"date":"2026-01-11T13:12:51","date_gmt":"2026-01-11T13:12:51","guid":{"rendered":"https:\/\/velvetnira.com\/sklep\/herren-pyjama-modell-dreamber-42632-02x-beige-blue-henderson\/"},"modified":"2026-01-11T13:12:51","modified_gmt":"2026-01-11T13:12:51","slug":"herren-pyjama-modell-dreamber-42632-02x-beige-blue-henderson","status":"publish","type":"product","link":"https:\/\/velvetnira.com\/de\/sklep\/herren-pyjama-modell-dreamber-42632-02x-beige-blue-henderson\/","title":{"rendered":"Herren-Pyjama Modell Dreamber 42632-02X Beige\/Blue &#8211; Henderson"},"content":{"rendered":"<p>Herren-Pyjama, der Komfort mit modernem Look vereint. Das kurz\u00e4rmlige T-Shirt mit rundem Ausschnitt ist mit einem trendigen Schriftzug verziert, der ihm einen stylischen Charakter verleiht. Aus weichem, atmungsaktivem Stoff gefertigt, sorgt er die ganze Nacht f\u00fcr Komfort. Die kurzen Shorts mit Print runden das Ganze ab und bieten Leichtigkeit und Bequemlichkeit. Die Shorts sind ohne Taschen, was ihnen ein minimalistisches Aussehen verleiht. Der breite Gummibund sorgt f\u00fcr perfekte Passform und Tragekomfort. Der Pyjama wird in einer eleganten Box verpackt, was ihn auch zu einer tollen Geschenkidee macht. Die ideale Wahl f\u00fcr M\u00e4nner, die Komfort und modernes Design in ihrer Nachtw\u00e4sche sch\u00e4tzen!<\/p>\n<p>Ma\u00dfe:<br \/>  Gr\u00f6\u00dfe M: Brust 94-98 cm, H\u00fcfte 98-102 cm<br \/>  Gr\u00f6\u00dfe L: Brust 98-102 cm, H\u00fcfte 102-106 cm<br \/>  Gr\u00f6\u00dfe XL: Brust 102-106 cm, H\u00fcfte 106-110 cm<br \/>  Gr\u00f6\u00dfe XXL: Brust 106-110 cm, H\u00fcfte 110-114 cm<br \/>  Gr\u00f6\u00dfe XXXL: Brust 114-120 cm, H\u00fcfte 114-118 cm <\/p>\n<div class=\"prod_data\">\n\t\t\t<strong>Baumwolle<\/strong> 100 % \t\t<\/div>\n","protected":false},"excerpt":{"rendered":"<p>Herren-Pyjama, der Komfort mit modernem Look vereint. Das kurz\u00e4rmlige T-Shirt mit rundem Ausschnitt ist mit einem trendigen Schriftzug verziert, der ihm einen stylischen Charakter verleiht&#8230;.<\/p>\n","protected":false},"featured_media":5536,"comment_status":"closed","ping_status":"open","template":"","meta":[],"etheme_brands":[],"product_brand":[],"product_cat":[269],"product_tag":[],"class_list":{"0":"post-9018","1":"product","2":"type-product","3":"status-publish","4":"has-post-thumbnail","6":"product_cat-bademaentel-und-pyjamas","7":"pa_kolor-beige","8":"pa_producent-henderson","9":"pa_rozmiar-l","10":"pa_rozmiar-m","11":"pa_rozmiar-xxl","12":"pa_rozmiar-xxxl","14":"first","15":"instock","16":"taxable","17":"shipping-taxable","18":"purchasable","19":"product-type-variable"},"_links":{"self":[{"href":"https:\/\/velvetnira.com\/de\/wp-json\/wp\/v2\/product\/9018","targetHints":{"allow":["GET"]}}],"collection":[{"href":"https:\/\/velvetnira.com\/de\/wp-json\/wp\/v2\/product"}],"about":[{"href":"https:\/\/velvetnira.com\/de\/wp-json\/wp\/v2\/types\/product"}],"replies":[{"embeddable":true,"href":"https:\/\/velvetnira.com\/de\/wp-json\/wp\/v2\/comments?post=9018"}],"version-history":[{"count":0,"href":"https:\/\/velvetnira.com\/de\/wp-json\/wp\/v2\/product\/9018\/revisions"}],"wp:featuredmedia":[{"embeddable":true,"href":"https:\/\/velvetnira.com\/de\/wp-json\/wp\/v2\/media\/5536"}],"wp:attachment":[{"href":"https:\/\/velvetnira.com\/de\/wp-json\/wp\/v2\/media?parent=9018"}],"wp:term":[{"taxonomy":"brand","embeddable":true,"href":"https:\/\/velvetnira.com\/de\/wp-json\/wp\/v2\/etheme_brands?post=9018"},{"taxonomy":"product_brand","embeddable":true,"href":"https:\/\/velvetnira.com\/de\/wp-json\/wp\/v2\/product_brand?post=9018"},{"taxonomy":"product_cat","embeddable":true,"href":"https:\/\/velvetnira.com\/de\/wp-json\/wp\/v2\/product_cat?post=9018"},{"taxonomy":"product_tag","embeddable":true,"href":"https:\/\/velvetnira.com\/de\/wp-json\/wp\/v2\/product_tag?post=9018"}],"curies":[{"name":"wp","href":"https:\/\/api.w.org\/{rel}","templated":true}]}}