{"id":9009,"date":"2026-01-11T13:12:50","date_gmt":"2026-01-11T13:12:50","guid":{"rendered":"https:\/\/velvetnira.com\/sklep\/herren-pyjama-modell-laze-38868-59x-navy-grey-henderson\/"},"modified":"2026-01-11T13:12:50","modified_gmt":"2026-01-11T13:12:50","slug":"herren-pyjama-modell-laze-38868-59x-navy-grey-henderson","status":"publish","type":"product","link":"https:\/\/velvetnira.com\/de\/sklep\/herren-pyjama-modell-laze-38868-59x-navy-grey-henderson\/","title":{"rendered":"Herren-Pyjama Modell Laze 38868-59X Navy\/Grey &#8211; Henderson"},"content":{"rendered":"<p>Der beste Stil? &#8211; wahrscheinlich der sportliche Stil, denn dieser schafft es perfekt, Komfort, hochwertige Stoffe, modische Farben und einen Hauch interessanten Designs zu vereinen. Der Pyjama Laze ist ein hervorragender Vorschlag aus der neuen Kollektion der Marke Henderson. Im Set T-Shirt und Shorts bis zum Knie.<br \/>\n <br \/>Zusammensetzung: Oberteil 100% Baumwolle, Unterteil 85% Baumwolle, 15% Viskose. <\/p>\n<p>Ma\u00dfe<br \/> Gr\u00f6\u00dfe M: Brust 94-98 cm, H\u00fcfte 98-102 cm<br \/> Gr\u00f6\u00dfe L: Brust 98-102 cm, H\u00fcfte 102-106 cm<br \/> Gr\u00f6\u00dfe XL: Brust 102-106 cm, H\u00fcfte 106-110 cm<br \/> Gr\u00f6\u00dfe XXL: Brust 106-110 cm, H\u00fcfte 110-114 cm\t\t <\/p>\n","protected":false},"excerpt":{"rendered":"<p>Der beste Stil? &#8211; wahrscheinlich der sportliche Stil, denn dieser schafft es perfekt, Komfort, hochwertige Stoffe, modische Farben und einen Hauch interessanten Designs zu vereinen&#8230;.<\/p>\n","protected":false},"featured_media":5534,"comment_status":"closed","ping_status":"open","template":"","meta":[],"etheme_brands":[],"product_brand":[],"product_cat":[269],"product_tag":[],"class_list":{"0":"post-9009","1":"product","2":"type-product","3":"status-publish","4":"has-post-thumbnail","6":"product_cat-bademaentel-und-pyjamas","7":"pa_kolor-marineblau","8":"pa_producent-henderson","9":"pa_rozmiar-xxl","11":"first","12":"instock","13":"taxable","14":"shipping-taxable","15":"purchasable","16":"product-type-variable"},"_links":{"self":[{"href":"https:\/\/velvetnira.com\/de\/wp-json\/wp\/v2\/product\/9009","targetHints":{"allow":["GET"]}}],"collection":[{"href":"https:\/\/velvetnira.com\/de\/wp-json\/wp\/v2\/product"}],"about":[{"href":"https:\/\/velvetnira.com\/de\/wp-json\/wp\/v2\/types\/product"}],"replies":[{"embeddable":true,"href":"https:\/\/velvetnira.com\/de\/wp-json\/wp\/v2\/comments?post=9009"}],"version-history":[{"count":0,"href":"https:\/\/velvetnira.com\/de\/wp-json\/wp\/v2\/product\/9009\/revisions"}],"wp:featuredmedia":[{"embeddable":true,"href":"https:\/\/velvetnira.com\/de\/wp-json\/wp\/v2\/media\/5534"}],"wp:attachment":[{"href":"https:\/\/velvetnira.com\/de\/wp-json\/wp\/v2\/media?parent=9009"}],"wp:term":[{"taxonomy":"brand","embeddable":true,"href":"https:\/\/velvetnira.com\/de\/wp-json\/wp\/v2\/etheme_brands?post=9009"},{"taxonomy":"product_brand","embeddable":true,"href":"https:\/\/velvetnira.com\/de\/wp-json\/wp\/v2\/product_brand?post=9009"},{"taxonomy":"product_cat","embeddable":true,"href":"https:\/\/velvetnira.com\/de\/wp-json\/wp\/v2\/product_cat?post=9009"},{"taxonomy":"product_tag","embeddable":true,"href":"https:\/\/velvetnira.com\/de\/wp-json\/wp\/v2\/product_tag?post=9009"}],"curies":[{"name":"wp","href":"https:\/\/api.w.org\/{rel}","templated":true}]}}