{"id":9006,"date":"2026-01-11T13:12:55","date_gmt":"2026-01-11T13:12:55","guid":{"rendered":"https:\/\/velvetnira.com\/sklep\/herrenpyjama-modell-lark-38870-59x-navy-blue-henderson\/"},"modified":"2026-01-11T13:12:55","modified_gmt":"2026-01-11T13:12:55","slug":"herrenpyjama-modell-lark-38870-59x-navy-blue-henderson","status":"publish","type":"product","link":"https:\/\/velvetnira.com\/de\/sklep\/herrenpyjama-modell-lark-38870-59x-navy-blue-henderson\/","title":{"rendered":"Herrenpyjama Modell Lark 38870-59X Navy\/Blue &#8211; Henderson"},"content":{"rendered":"<p>Sportlicher Stil, zeitlose Farben und weiche Baumwolle \u2013 die perfekte Basis f\u00fcr einen bequemen Herrenpyjama. Ein klassisches T-Shirt mit kurzen \u00c4rmeln und einem Aufdruck in der Mitte wird durch schlichte, knielange Shorts erg\u00e4nzt. Neueste Kollektion.<br \/>\n <br \/>Ma\u00dfe<br \/>  Gr\u00f6\u00dfe M: Brust 94\u201398 cm, H\u00fcfte 98\u2013102 cm<br \/>  Gr\u00f6\u00dfe L: Brust 98\u2013102 cm, H\u00fcfte 102\u2013106 cm<br \/>  Gr\u00f6\u00dfe XL: Brust 102\u2013106 cm, H\u00fcfte 106\u2013110 cm<br \/>  Gr\u00f6\u00dfe XXL: Brust 106\u2013110 cm, H\u00fcfte 110\u2013114 cm  <\/p>\n<div class=\"prod_data\">\n\t\t\t<strong>Baumwolle<\/strong> 100 % \t\t<\/div>\n","protected":false},"excerpt":{"rendered":"<p>Sportlicher Stil, zeitlose Farben und weiche Baumwolle \u2013 die perfekte Basis f\u00fcr einen bequemen Herrenpyjama. Ein klassisches T-Shirt mit kurzen \u00c4rmeln und einem Aufdruck in&#8230;<\/p>\n","protected":false},"featured_media":5553,"comment_status":"closed","ping_status":"open","template":"","meta":[],"etheme_brands":[],"product_brand":[],"product_cat":[269],"product_tag":[],"class_list":{"0":"post-9006","1":"product","2":"type-product","3":"status-publish","4":"has-post-thumbnail","6":"product_cat-bademaentel-und-pyjamas","7":"pa_kolor-marineblau","8":"pa_producent-henderson","9":"pa_rozmiar-xxl","11":"first","12":"instock","13":"taxable","14":"shipping-taxable","15":"purchasable","16":"product-type-variable"},"_links":{"self":[{"href":"https:\/\/velvetnira.com\/de\/wp-json\/wp\/v2\/product\/9006","targetHints":{"allow":["GET"]}}],"collection":[{"href":"https:\/\/velvetnira.com\/de\/wp-json\/wp\/v2\/product"}],"about":[{"href":"https:\/\/velvetnira.com\/de\/wp-json\/wp\/v2\/types\/product"}],"replies":[{"embeddable":true,"href":"https:\/\/velvetnira.com\/de\/wp-json\/wp\/v2\/comments?post=9006"}],"version-history":[{"count":0,"href":"https:\/\/velvetnira.com\/de\/wp-json\/wp\/v2\/product\/9006\/revisions"}],"wp:featuredmedia":[{"embeddable":true,"href":"https:\/\/velvetnira.com\/de\/wp-json\/wp\/v2\/media\/5553"}],"wp:attachment":[{"href":"https:\/\/velvetnira.com\/de\/wp-json\/wp\/v2\/media?parent=9006"}],"wp:term":[{"taxonomy":"brand","embeddable":true,"href":"https:\/\/velvetnira.com\/de\/wp-json\/wp\/v2\/etheme_brands?post=9006"},{"taxonomy":"product_brand","embeddable":true,"href":"https:\/\/velvetnira.com\/de\/wp-json\/wp\/v2\/product_brand?post=9006"},{"taxonomy":"product_cat","embeddable":true,"href":"https:\/\/velvetnira.com\/de\/wp-json\/wp\/v2\/product_cat?post=9006"},{"taxonomy":"product_tag","embeddable":true,"href":"https:\/\/velvetnira.com\/de\/wp-json\/wp\/v2\/product_tag?post=9006"}],"curies":[{"name":"wp","href":"https:\/\/api.w.org\/{rel}","templated":true}]}}