{"id":9000,"date":"2026-01-11T13:12:50","date_gmt":"2026-01-11T13:12:50","guid":{"rendered":"https:\/\/velvetnira.com\/sklep\/herren-pyjama-modell-drake-38878-59x-navy-henderson\/"},"modified":"2026-01-11T13:12:50","modified_gmt":"2026-01-11T13:12:50","slug":"herren-pyjama-modell-drake-38878-59x-navy-henderson","status":"publish","type":"product","link":"https:\/\/velvetnira.com\/de\/sklep\/herren-pyjama-modell-drake-38878-59x-navy-henderson\/","title":{"rendered":"Herren-Pyjama Modell Drake 38878-59X Navy &#8211; Henderson"},"content":{"rendered":"<p>Der Farbmix auf Basis von Blaut\u00f6nen ist ein universeller Vorschlag, in dem sich praktisch jeder Mann wohlf\u00fchlen wird. Drake &#8211; der neueste Herren-Pyjama der Marke Henderson setzt auf Komfort und bew\u00e4hrte Farben. Oberteil in sch\u00f6nem Blauton, gestreift, mit kurzem \u00c4rmel. Shorts bis knapp \u00fcber die Knie.<br \/>\n <br \/>Ma\u00dfe<br \/> Gr\u00f6\u00dfe M: Brust 90-96 cm, Taille 82-88 cm<br \/> Gr\u00f6\u00dfe L: Brust 96-102 cm, Taille 90-96 cm<br \/> Gr\u00f6\u00dfe XL: Brust 102-108 cm, Taille 98-104 cm<br \/> Gr\u00f6\u00dfe XXL: Brust 108-114 cm, Taille 106-110 cm<br \/> Gr\u00f6\u00dfe XXXL: Brust 114-120 cm, Taille 112-116 cm <\/p>\n<div class=\"prod_data\">\n\t\t\t<strong>Baumwolle<\/strong> 100 % \t\t<\/div>\n","protected":false},"excerpt":{"rendered":"<p>Der Farbmix auf Basis von Blaut\u00f6nen ist ein universeller Vorschlag, in dem sich praktisch jeder Mann wohlf\u00fchlen wird. Drake &#8211; der neueste Herren-Pyjama der Marke&#8230;<\/p>\n","protected":false},"featured_media":5532,"comment_status":"closed","ping_status":"open","template":"","meta":[],"etheme_brands":[],"product_brand":[],"product_cat":[269],"product_tag":[],"class_list":{"0":"post-9000","1":"product","2":"type-product","3":"status-publish","4":"has-post-thumbnail","6":"product_cat-bademaentel-und-pyjamas","7":"pa_kolor-marineblau","8":"pa_producent-henderson","9":"pa_rozmiar-l","10":"pa_rozmiar-m","11":"pa_rozmiar-xxl","13":"first","14":"instock","15":"taxable","16":"shipping-taxable","17":"purchasable","18":"product-type-variable"},"_links":{"self":[{"href":"https:\/\/velvetnira.com\/de\/wp-json\/wp\/v2\/product\/9000","targetHints":{"allow":["GET"]}}],"collection":[{"href":"https:\/\/velvetnira.com\/de\/wp-json\/wp\/v2\/product"}],"about":[{"href":"https:\/\/velvetnira.com\/de\/wp-json\/wp\/v2\/types\/product"}],"replies":[{"embeddable":true,"href":"https:\/\/velvetnira.com\/de\/wp-json\/wp\/v2\/comments?post=9000"}],"version-history":[{"count":0,"href":"https:\/\/velvetnira.com\/de\/wp-json\/wp\/v2\/product\/9000\/revisions"}],"wp:featuredmedia":[{"embeddable":true,"href":"https:\/\/velvetnira.com\/de\/wp-json\/wp\/v2\/media\/5532"}],"wp:attachment":[{"href":"https:\/\/velvetnira.com\/de\/wp-json\/wp\/v2\/media?parent=9000"}],"wp:term":[{"taxonomy":"brand","embeddable":true,"href":"https:\/\/velvetnira.com\/de\/wp-json\/wp\/v2\/etheme_brands?post=9000"},{"taxonomy":"product_brand","embeddable":true,"href":"https:\/\/velvetnira.com\/de\/wp-json\/wp\/v2\/product_brand?post=9000"},{"taxonomy":"product_cat","embeddable":true,"href":"https:\/\/velvetnira.com\/de\/wp-json\/wp\/v2\/product_cat?post=9000"},{"taxonomy":"product_tag","embeddable":true,"href":"https:\/\/velvetnira.com\/de\/wp-json\/wp\/v2\/product_tag?post=9000"}],"curies":[{"name":"wp","href":"https:\/\/api.w.org\/{rel}","templated":true}]}}