{"id":8988,"date":"2026-01-11T13:12:42","date_gmt":"2026-01-11T13:12:42","guid":{"rendered":"https:\/\/velvetnira.com\/sklep\/herrenbademantel-modell-pegasus-long-2451-graphit-ll-collection\/"},"modified":"2026-01-11T13:12:42","modified_gmt":"2026-01-11T13:12:42","slug":"herrenbademantel-modell-pegasus-long-2451-graphit-ll-collection","status":"publish","type":"product","link":"https:\/\/velvetnira.com\/de\/sklep\/herrenbademantel-modell-pegasus-long-2451-graphit-ll-collection\/","title":{"rendered":"Herrenbademantel Modell Pegasus Long 2451 Graphit &#8211; L&amp;L collection"},"content":{"rendered":"<p>Dieser Herrenbademantel ist ein Angebot f\u00fcr Herren, die klassische Eleganz und Komfort sch\u00e4tzen. Hergestellt aus weichem, atmungsaktivem Stoff, bietet er au\u00dfergew\u00f6hnlichen Tragekomfort und angenehme Nutzung. Der Bademantel zeichnet sich durch einen eleganten Kragen und eine sorgf\u00e4ltige Verarbeitung mit feinem Paspel aus, die seinen raffinierten Charakter unterstreichen. Die Stickerei auf Brusth\u00f6he verleiht subtile Eleganz, und der lockere Schnitt garantiert Bewegungsfreiheit. Das Modell ist mit praktischen Taschen ausgestattet, und die langen \u00c4rmel machen es ideal f\u00fcr k\u00fchlere Morgen- und Abendstunden. Das Produkt ist in einem \u00e4sthetischen Beutel verpackt und eignet sich daher auch hervorragend als Geschenk. In Polen entworfen und gen\u00e4ht, vereint der Bademantel h\u00f6chste Verarbeitungsqualit\u00e4t und klassischen Stil, der in jeder Herrengarderobe gut ankommt. <\/p>\n<div class=\"prod_data\">\n\t\t\t<strong>Polyester<\/strong> 100 % \t\t<\/p>\n<table class=\"prod_table table table-striped table-bordered table-hover table-responsive\">\n<thead>\n<tr>\n<th>Gr\u00f6\u00dfe<\/th>\n<th>Brustumfang<\/th>\n<\/tr>\n<\/thead>\n<tr>\n<td><b>L<\/b><\/td>\n<td align=\"right\">113\u2013116 cm<\/td>\n<\/tr>\n<tr>\n<td><b>M<\/b><\/td>\n<td align=\"right\">109\u2013112 cm<\/td>\n<\/tr>\n<tr>\n<td><b>XL<\/b><\/td>\n<td align=\"right\">117\u2013120 cm<\/td>\n<\/tr>\n<tr>\n<td><b>XXL<\/b><\/td>\n<td align=\"right\">121\u2013124 cm<\/td>\n<\/tr>\n<\/table><\/div>\n","protected":false},"excerpt":{"rendered":"<p>Dieser Herrenbademantel ist ein Angebot f\u00fcr Herren, die klassische Eleganz und Komfort sch\u00e4tzen. Hergestellt aus weichem, atmungsaktivem Stoff, bietet er au\u00dfergew\u00f6hnlichen Tragekomfort und angenehme Nutzung&#8230;.<\/p>\n","protected":false},"featured_media":5490,"comment_status":"closed","ping_status":"open","template":"","meta":[],"etheme_brands":[],"product_brand":[],"product_cat":[269],"product_tag":[],"class_list":{"0":"post-8988","1":"product","2":"type-product","3":"status-publish","4":"has-post-thumbnail","6":"product_cat-bademaentel-und-pyjamas","7":"pa_kolor-grau","8":"pa_producent-ll-kollektion","9":"pa_rozmiar-xxl","11":"first","12":"instock","13":"taxable","14":"shipping-taxable","15":"purchasable","16":"product-type-variable"},"_links":{"self":[{"href":"https:\/\/velvetnira.com\/de\/wp-json\/wp\/v2\/product\/8988","targetHints":{"allow":["GET"]}}],"collection":[{"href":"https:\/\/velvetnira.com\/de\/wp-json\/wp\/v2\/product"}],"about":[{"href":"https:\/\/velvetnira.com\/de\/wp-json\/wp\/v2\/types\/product"}],"replies":[{"embeddable":true,"href":"https:\/\/velvetnira.com\/de\/wp-json\/wp\/v2\/comments?post=8988"}],"version-history":[{"count":0,"href":"https:\/\/velvetnira.com\/de\/wp-json\/wp\/v2\/product\/8988\/revisions"}],"wp:featuredmedia":[{"embeddable":true,"href":"https:\/\/velvetnira.com\/de\/wp-json\/wp\/v2\/media\/5490"}],"wp:attachment":[{"href":"https:\/\/velvetnira.com\/de\/wp-json\/wp\/v2\/media?parent=8988"}],"wp:term":[{"taxonomy":"brand","embeddable":true,"href":"https:\/\/velvetnira.com\/de\/wp-json\/wp\/v2\/etheme_brands?post=8988"},{"taxonomy":"product_brand","embeddable":true,"href":"https:\/\/velvetnira.com\/de\/wp-json\/wp\/v2\/product_brand?post=8988"},{"taxonomy":"product_cat","embeddable":true,"href":"https:\/\/velvetnira.com\/de\/wp-json\/wp\/v2\/product_cat?post=8988"},{"taxonomy":"product_tag","embeddable":true,"href":"https:\/\/velvetnira.com\/de\/wp-json\/wp\/v2\/product_tag?post=8988"}],"curies":[{"name":"wp","href":"https:\/\/api.w.org\/{rel}","templated":true}]}}