{"id":8980,"date":"2026-01-11T13:12:41","date_gmt":"2026-01-11T13:12:41","guid":{"rendered":"https:\/\/velvetnira.com\/sklep\/herrenbademantel-modell-george-grey-ll-kollektion\/"},"modified":"2026-01-11T13:12:41","modified_gmt":"2026-01-11T13:12:41","slug":"herrenbademantel-modell-george-grey-ll-kollektion","status":"publish","type":"product","link":"https:\/\/velvetnira.com\/de\/sklep\/herrenbademantel-modell-george-grey-ll-kollektion\/","title":{"rendered":"Herrenbademantel Modell George Grey &#8211; L&amp;L Kollektion"},"content":{"rendered":"<p>Interessanter, glatter Bademantel mit Kapuze. Sitzt gut, mit Bindeg\u00fcrtel und zwei H\u00fcfttaschen. Eine Paspelierung in Kontrastfarbe verleiht ihm einen interessanten Charakter. Oben ein Aufn\u00e4her. Polnisches Produkt, hohe Qualit\u00e4t. <\/p>\n<div class=\"prod_data\">\n<table class=\"prod_table table table-striped table-bordered table-hover table-responsive\">\n<thead>\n<tr>\n<th>Gr\u00f6\u00dfe<\/th>\n<th>Brustumfang<\/th>\n<\/tr>\n<\/thead>\n<tr>\n<td><b>L<\/b><\/td>\n<td align=\"right\">113\u2013116 cm<\/td>\n<\/tr>\n<tr>\n<td><b>M<\/b><\/td>\n<td align=\"right\">109\u2013112 cm<\/td>\n<\/tr>\n<tr>\n<td><b>XL<\/b><\/td>\n<td align=\"right\">117\u2013120 cm<\/td>\n<\/tr>\n<\/table><\/div>\n","protected":false},"excerpt":{"rendered":"<p>Interessanter, glatter Bademantel mit Kapuze. Sitzt gut, mit Bindeg\u00fcrtel und zwei H\u00fcfttaschen. Eine Paspelierung in Kontrastfarbe verleiht ihm einen interessanten Charakter. Oben ein Aufn\u00e4her. Polnisches&#8230;<\/p>\n","protected":false},"featured_media":5488,"comment_status":"closed","ping_status":"open","template":"","meta":[],"etheme_brands":[],"product_brand":[],"product_cat":[269],"product_tag":[],"class_list":{"0":"post-8980","1":"product","2":"type-product","3":"status-publish","4":"has-post-thumbnail","6":"product_cat-bademaentel-und-pyjamas","7":"pa_kolor-grau","8":"pa_producent-ll-kollektion","9":"pa_rozmiar-m","11":"first","12":"instock","13":"taxable","14":"shipping-taxable","15":"purchasable","16":"product-type-variable"},"_links":{"self":[{"href":"https:\/\/velvetnira.com\/de\/wp-json\/wp\/v2\/product\/8980","targetHints":{"allow":["GET"]}}],"collection":[{"href":"https:\/\/velvetnira.com\/de\/wp-json\/wp\/v2\/product"}],"about":[{"href":"https:\/\/velvetnira.com\/de\/wp-json\/wp\/v2\/types\/product"}],"replies":[{"embeddable":true,"href":"https:\/\/velvetnira.com\/de\/wp-json\/wp\/v2\/comments?post=8980"}],"version-history":[{"count":0,"href":"https:\/\/velvetnira.com\/de\/wp-json\/wp\/v2\/product\/8980\/revisions"}],"wp:featuredmedia":[{"embeddable":true,"href":"https:\/\/velvetnira.com\/de\/wp-json\/wp\/v2\/media\/5488"}],"wp:attachment":[{"href":"https:\/\/velvetnira.com\/de\/wp-json\/wp\/v2\/media?parent=8980"}],"wp:term":[{"taxonomy":"brand","embeddable":true,"href":"https:\/\/velvetnira.com\/de\/wp-json\/wp\/v2\/etheme_brands?post=8980"},{"taxonomy":"product_brand","embeddable":true,"href":"https:\/\/velvetnira.com\/de\/wp-json\/wp\/v2\/product_brand?post=8980"},{"taxonomy":"product_cat","embeddable":true,"href":"https:\/\/velvetnira.com\/de\/wp-json\/wp\/v2\/product_cat?post=8980"},{"taxonomy":"product_tag","embeddable":true,"href":"https:\/\/velvetnira.com\/de\/wp-json\/wp\/v2\/product_tag?post=8980"}],"curies":[{"name":"wp","href":"https:\/\/api.w.org\/{rel}","templated":true}]}}