{"id":8931,"date":"2026-01-11T13:14:58","date_gmt":"2026-01-11T13:14:58","guid":{"rendered":"https:\/\/velvetnira.com\/sklep\/herren-t-shirt-modell-dany-v-1503-grau-teyli\/"},"modified":"2026-01-11T13:14:58","modified_gmt":"2026-01-11T13:14:58","slug":"herren-t-shirt-modell-dany-v-1503-grau-teyli","status":"publish","type":"product","link":"https:\/\/velvetnira.com\/de\/sklep\/herren-t-shirt-modell-dany-v-1503-grau-teyli\/","title":{"rendered":"Herren-T-Shirt Modell Dany V 1503 Grau &#8211; Teyli"},"content":{"rendered":"<p>Herren-T-Shirt in Hellgrau. Es ist aus hochwertiger Baumwolle mit einem Zusatz von elastischem Lycra-Faden gefertigt. Das Herren-T-Shirt ist sehr ansprechend im Aussehen, bequem und angenehm zu tragen sowie atmungsaktiv. Die elastische Lycra-Faser sorgt daf\u00fcr, dass das T-Shirt sich gut an die m\u00e4nnliche Figur anpasst, nach dem Waschen seine Form beh\u00e4lt und keinen Kr\u00e4uselsaum am Hals bildet. Das T-Shirt hat einen klassischen Schnitt, ist glatt und einfarbig, ohne Applikationen oder Aufdrucke. Das Herren-T-Shirt hat kurze \u00c4rmel und die einzige Verzierung ist ein dezentes Firmenlogo. Die L\u00e4nge des T-Shirts reicht bis zur Mitte des Ges\u00e4\u00dfes. Das Herren-T-Shirt eignet sich hervorragend f\u00fcr allt\u00e4gliche Outfits im B\u00fcro; in Kombination mit Shorts oder Slim-Hosen entsteht ein ideales und stilvolles Set, in dem sich jeder Mann gro\u00dfartig f\u00fchlen wird. Das T-Shirt ist am Hals V-f\u00f6rmig geschnitten. Jeder Mann sollte ein solches T-Shirt in seinem Kleiderschrank haben.         <\/p>\n<div class=\"prod_data\">\n\t\t\t<strong>Baumwolle<\/strong> 100 % \t\t<\/p>\n<table class=\"prod_table table table-striped table-bordered table-hover table-responsive\">\n<thead>\n<tr>\n<th>Gr\u00f6\u00dfe<\/th>\n<th>Brustumfang<\/th>\n<\/tr>\n<\/thead>\n<tr>\n<td><b>L<\/b><\/td>\n<td align=\"right\">104 cm<\/td>\n<\/tr>\n<tr>\n<td><b>M<\/b><\/td>\n<td align=\"right\">100 cm<\/td>\n<\/tr>\n<tr>\n<td><b>S<\/b><\/td>\n<td align=\"right\">96 cm<\/td>\n<\/tr>\n<tr>\n<td><b>XL<\/b><\/td>\n<td align=\"right\">108 cm<\/td>\n<\/tr>\n<tr>\n<td><b>XXL<\/b><\/td>\n<td align=\"right\">112 cm<\/td>\n<\/tr>\n<tr>\n<td><b>XXXL<\/b><\/td>\n<td align=\"right\">116 cm<\/td>\n<\/tr>\n<\/table><\/div>\n","protected":false},"excerpt":{"rendered":"<p>Herren-T-Shirt in Hellgrau. Es ist aus hochwertiger Baumwolle mit einem Zusatz von elastischem Lycra-Faden gefertigt. Das Herren-T-Shirt ist sehr ansprechend im Aussehen, bequem und angenehm&#8230;<\/p>\n","protected":false},"featured_media":6349,"comment_status":"closed","ping_status":"open","template":"","meta":[],"etheme_brands":[],"product_brand":[],"product_cat":[266],"product_tag":[],"class_list":{"0":"post-8931","1":"product","2":"type-product","3":"status-publish","4":"has-post-thumbnail","6":"product_cat-t-shirts-und-polos","7":"pa_kolor-grau","8":"pa_producent-teyli","9":"pa_rozmiar-l","10":"pa_rozmiar-m","11":"pa_rozmiar-s","12":"pa_rozmiar-xxl","13":"pa_rozmiar-xxxl","15":"first","16":"instock","17":"taxable","18":"shipping-taxable","19":"purchasable","20":"product-type-variable"},"_links":{"self":[{"href":"https:\/\/velvetnira.com\/de\/wp-json\/wp\/v2\/product\/8931","targetHints":{"allow":["GET"]}}],"collection":[{"href":"https:\/\/velvetnira.com\/de\/wp-json\/wp\/v2\/product"}],"about":[{"href":"https:\/\/velvetnira.com\/de\/wp-json\/wp\/v2\/types\/product"}],"replies":[{"embeddable":true,"href":"https:\/\/velvetnira.com\/de\/wp-json\/wp\/v2\/comments?post=8931"}],"version-history":[{"count":0,"href":"https:\/\/velvetnira.com\/de\/wp-json\/wp\/v2\/product\/8931\/revisions"}],"wp:featuredmedia":[{"embeddable":true,"href":"https:\/\/velvetnira.com\/de\/wp-json\/wp\/v2\/media\/6349"}],"wp:attachment":[{"href":"https:\/\/velvetnira.com\/de\/wp-json\/wp\/v2\/media?parent=8931"}],"wp:term":[{"taxonomy":"brand","embeddable":true,"href":"https:\/\/velvetnira.com\/de\/wp-json\/wp\/v2\/etheme_brands?post=8931"},{"taxonomy":"product_brand","embeddable":true,"href":"https:\/\/velvetnira.com\/de\/wp-json\/wp\/v2\/product_brand?post=8931"},{"taxonomy":"product_cat","embeddable":true,"href":"https:\/\/velvetnira.com\/de\/wp-json\/wp\/v2\/product_cat?post=8931"},{"taxonomy":"product_tag","embeddable":true,"href":"https:\/\/velvetnira.com\/de\/wp-json\/wp\/v2\/product_tag?post=8931"}],"curies":[{"name":"wp","href":"https:\/\/api.w.org\/{rel}","templated":true}]}}