{"id":9234,"date":"2026-04-23T20:44:30","date_gmt":"2026-04-23T20:44:30","guid":{"rendered":"https:\/\/velvetnira.com\/?page_id=9234"},"modified":"2026-04-29T20:07:17","modified_gmt":"2026-04-29T20:07:17","slug":"muster-widerrufsformular","status":"publish","type":"page","link":"https:\/\/velvetnira.com\/de\/muster-widerrufsformular\/","title":{"rendered":"Muster-Widerrufsformular"},"content":{"rendered":"\t\t<div data-elementor-type=\"wp-page\" data-elementor-id=\"9234\" class=\"elementor elementor-9234\" data-elementor-post-type=\"page\">\n\t\t\t\t<div class=\"elementor-element elementor-element-9721c58 e-flex e-con-boxed e-con e-parent\" data-id=\"9721c58\" data-element_type=\"container\" data-e-type=\"container\">\n\t\t\t\t\t<div class=\"e-con-inner\">\n\t\t\t\t<div class=\"elementor-element elementor-element-791a88d elementor-widget elementor-widget-text-editor\" data-id=\"791a88d\" data-element_type=\"widget\" data-e-type=\"widget\" data-widget_type=\"text-editor.default\">\n\t\t\t\t\t\t\t\t\t<section lang=\"de\" style=\"max-width: 1000px !important; margin: 0 auto !important; padding: 40px 20px 70px !important; font-family: Georgia, 'Times New Roman', serif !important; font-size: 17px !important; line-height: 1.85 !important; color: #111111 !important; background: #ffffff !important;\"><h1 style=\"text-align: center !important; font-family: Georgia, 'Times New Roman', serif !important; font-size: 36px !important; line-height: 1.25 !important; font-weight: 700 !important; margin: 0 0 36px 0 !important; color: #111111 !important;\">Muster-Widerrufsformular<\/h1><p style=\"margin: 0 0 18px 0 !important;\">Dieses Muster-Widerrufsformular kann verwendet werden, wenn Sie einen \u00fcber den Online-Shop <strong>Velvetnira<\/strong> geschlossenen Vertrag widerrufen m\u00f6chten. Die Nutzung dieses Formulars ist nicht verpflichtend. Sie k\u00f6nnen den Widerruf auch durch eine andere eindeutige Erkl\u00e4rung aus\u00fcben, zum Beispiel per E-Mail.<\/p><p style=\"margin: 0 0 18px 0 !important;\">Zur Wahrung der Widerrufsfrist reicht es aus, dass Sie die Mitteilung \u00fcber die Aus\u00fcbung des Widerrufsrechts vor Ablauf der Widerrufsfrist absenden. Einzelheiten zum Widerrufsrecht, zu Fristen, R\u00fccksendung, R\u00fcckzahlung und Wertersatz finden Sie in der<br \/><a style=\"color: #111111 !important; font-weight: 700 !important; text-decoration: none !important;\" href=\"https:\/\/velvetnira.com\/de\/widerrufsbelehrung\/\" target=\"_self\">Widerrufsbelehrung<\/a>.<\/p><p style=\"margin: 0 0 18px 0 !important;\">Dieses Muster-Widerrufsformular gilt ab dem <strong>27.04.2026<\/strong>.<\/p><h2 style=\"text-align: center !important; font-family: Georgia, 'Times New Roman', serif !important; font-size: 26px !important; line-height: 1.35 !important; font-weight: 700 !important; margin: 52px 0 24px 0 !important; color: #111111 !important;\">Empf\u00e4nger des Widerrufs<\/h2><p style=\"margin: 0 0 18px 0 !important;\">Bitte senden Sie Ihren Widerruf an den Verk\u00e4ufer:<\/p><p style=\"margin: 0 0 18px 0 !important;\"><strong>PATINVEST sp\u00f3\u0142ka z ograniczon\u0105 odpowiedzialno\u015bci\u0105<\/strong><br \/>ul. G\u00f3rczewska 222\/290<br \/>01-460 Warszawa<br \/>Polen<\/p><p style=\"margin: 0 0 18px 0 !important;\"><strong>E-Mail:<\/strong><br \/><a style=\"color: #111111 !important; font-weight: 700 !important; text-decoration: none !important;\" href=\"mailto:shop@velvetnira.com\">shop@velvetnira.com<\/a><\/p><p style=\"margin: 0 0 18px 0 !important;\"><strong>Telefon:<\/strong><br \/><a style=\"color: #111111 !important; font-weight: 700 !important; text-decoration: none !important;\" href=\"tel:+48797133250\">+48 797 133 250<\/a><\/p><p style=\"margin: 0 0 18px 0 !important;\">PATINVEST sp\u00f3\u0142ka z ograniczon\u0105 odpowiedzialno\u015bci\u0105 ist Verk\u00e4ufer und Vertragspartner des Kunden. Bestellungen mit Lieferadresse in Deutschland werden aus einem Warenlager in Deutschland versendet. R\u00fccksendungen erfolgen jedoch an die in diesem Formular angegebene Retourenadresse in Polen, sofern der Verk\u00e4ufer im Einzelfall keine andere Adresse ausdr\u00fccklich mitteilt.<\/p><h2 style=\"text-align: center !important; font-family: Georgia, 'Times New Roman', serif !important; font-size: 26px !important; line-height: 1.35 !important; font-weight: 700 !important; margin: 52px 0 24px 0 !important; color: #111111 !important;\">Musterformular f\u00fcr den Widerruf<\/h2><p style=\"margin: 0 0 18px 0 !important;\">Wenn Sie den Vertrag widerrufen m\u00f6chten, k\u00f6nnen Sie dieses Formular ausf\u00fcllen und an uns zur\u00fccksenden.<\/p><p style=\"margin: 0 0 22px 0 !important;\"><strong>An:<\/strong><br \/>PATINVEST sp\u00f3\u0142ka z ograniczon\u0105 odpowiedzialno\u015bci\u0105<br \/>ul. G\u00f3rczewska 222\/290<br \/>01-460 Warszawa<br \/>Polen<br \/>E-Mail:<br \/><a style=\"color: #111111 !important; font-weight: 700 !important; text-decoration: none !important;\" href=\"mailto:shop@velvetnira.com\">shop@velvetnira.com<\/a><\/p><p style=\"margin: 0 0 22px 0 !important;\">Hiermit widerrufe ich \/ widerrufen wir (*) den von mir \/ uns (*) abgeschlossenen Vertrag \u00fcber den Kauf der folgenden Waren:<\/p><p style=\"margin: 0 0 22px 0 !important;\">&#8230;&#8230;&#8230;&#8230;&#8230;&#8230;&#8230;&#8230;&#8230;&#8230;&#8230;&#8230;&#8230;&#8230;&#8230;&#8230;&#8230;&#8230;&#8230;&#8230;&#8230;&#8230;&#8230;&#8230;&#8230;&#8230;&#8230;&#8230;&#8230;&#8230;&#8230;&#8230;&#8230;&#8230;&#8230;&#8230;&#8230;&#8230;&#8230;&#8230;&#8230;.<br \/>&#8230;&#8230;&#8230;&#8230;&#8230;&#8230;&#8230;&#8230;&#8230;&#8230;&#8230;&#8230;&#8230;&#8230;&#8230;&#8230;&#8230;&#8230;&#8230;&#8230;&#8230;&#8230;&#8230;&#8230;&#8230;&#8230;&#8230;&#8230;&#8230;&#8230;&#8230;&#8230;&#8230;&#8230;&#8230;&#8230;&#8230;&#8230;&#8230;&#8230;&#8230;.<br \/>&#8230;&#8230;&#8230;&#8230;&#8230;&#8230;&#8230;&#8230;&#8230;&#8230;&#8230;&#8230;&#8230;&#8230;&#8230;&#8230;&#8230;&#8230;&#8230;&#8230;&#8230;&#8230;&#8230;&#8230;&#8230;&#8230;&#8230;&#8230;&#8230;&#8230;&#8230;&#8230;&#8230;&#8230;&#8230;&#8230;&#8230;&#8230;&#8230;&#8230;&#8230;.<\/p><p style=\"margin: 0 0 22px 0 !important;\"><strong>Bestellnummer:<\/strong><br \/>&#8230;&#8230;&#8230;&#8230;&#8230;&#8230;&#8230;&#8230;&#8230;&#8230;&#8230;&#8230;&#8230;&#8230;&#8230;&#8230;&#8230;&#8230;&#8230;&#8230;&#8230;&#8230;&#8230;&#8230;&#8230;&#8230;&#8230;&#8230;&#8230;&#8230;&#8230;&#8230;&#8230;&#8230;&#8230;&#8230;&#8230;&#8230;&#8230;&#8230;&#8230;.<\/p><p style=\"margin: 0 0 22px 0 !important;\"><strong>Bestellt am:<\/strong><br \/>&#8230;&#8230;&#8230;&#8230;&#8230;&#8230;&#8230;&#8230;&#8230;&#8230;&#8230;&#8230;&#8230;&#8230;&#8230;&#8230;&#8230;&#8230;&#8230;&#8230;&#8230;&#8230;&#8230;&#8230;&#8230;&#8230;&#8230;&#8230;&#8230;&#8230;&#8230;&#8230;&#8230;&#8230;&#8230;&#8230;&#8230;&#8230;&#8230;&#8230;&#8230;.<\/p><p style=\"margin: 0 0 22px 0 !important;\"><strong>Erhalten am:<\/strong><br \/>&#8230;&#8230;&#8230;&#8230;&#8230;&#8230;&#8230;&#8230;&#8230;&#8230;&#8230;&#8230;&#8230;&#8230;&#8230;&#8230;&#8230;&#8230;&#8230;&#8230;&#8230;&#8230;&#8230;&#8230;&#8230;&#8230;&#8230;&#8230;&#8230;&#8230;&#8230;&#8230;&#8230;&#8230;&#8230;&#8230;&#8230;&#8230;&#8230;&#8230;&#8230;.<\/p><p style=\"margin: 0 0 22px 0 !important;\"><strong>Name des Verbrauchers \/ der Verbraucher:<\/strong><br \/>&#8230;&#8230;&#8230;&#8230;&#8230;&#8230;&#8230;&#8230;&#8230;&#8230;&#8230;&#8230;&#8230;&#8230;&#8230;&#8230;&#8230;&#8230;&#8230;&#8230;&#8230;&#8230;&#8230;&#8230;&#8230;&#8230;&#8230;&#8230;&#8230;&#8230;&#8230;&#8230;&#8230;&#8230;&#8230;&#8230;&#8230;&#8230;&#8230;&#8230;&#8230;.<\/p><p style=\"margin: 0 0 22px 0 !important;\"><strong>Anschrift des Verbrauchers \/ der Verbraucher:<\/strong><br \/>&#8230;&#8230;&#8230;&#8230;&#8230;&#8230;&#8230;&#8230;&#8230;&#8230;&#8230;&#8230;&#8230;&#8230;&#8230;&#8230;&#8230;&#8230;&#8230;&#8230;&#8230;&#8230;&#8230;&#8230;&#8230;&#8230;&#8230;&#8230;&#8230;&#8230;&#8230;&#8230;&#8230;&#8230;&#8230;&#8230;&#8230;&#8230;&#8230;&#8230;&#8230;.<br \/>&#8230;&#8230;&#8230;&#8230;&#8230;&#8230;&#8230;&#8230;&#8230;&#8230;&#8230;&#8230;&#8230;&#8230;&#8230;&#8230;&#8230;&#8230;&#8230;&#8230;&#8230;&#8230;&#8230;&#8230;&#8230;&#8230;&#8230;&#8230;&#8230;&#8230;&#8230;&#8230;&#8230;&#8230;&#8230;&#8230;&#8230;&#8230;&#8230;&#8230;&#8230;.<br \/>&#8230;&#8230;&#8230;&#8230;&#8230;&#8230;&#8230;&#8230;&#8230;&#8230;&#8230;&#8230;&#8230;&#8230;&#8230;&#8230;&#8230;&#8230;&#8230;&#8230;&#8230;&#8230;&#8230;&#8230;&#8230;&#8230;&#8230;&#8230;&#8230;&#8230;&#8230;&#8230;&#8230;&#8230;&#8230;&#8230;&#8230;&#8230;&#8230;&#8230;&#8230;.<\/p><p style=\"margin: 0 0 22px 0 !important;\"><strong>E-Mail-Adresse aus der Bestellung:<\/strong><br \/>&#8230;&#8230;&#8230;&#8230;&#8230;&#8230;&#8230;&#8230;&#8230;&#8230;&#8230;&#8230;&#8230;&#8230;&#8230;&#8230;&#8230;&#8230;&#8230;&#8230;&#8230;&#8230;&#8230;&#8230;&#8230;&#8230;&#8230;&#8230;&#8230;&#8230;&#8230;&#8230;&#8230;&#8230;&#8230;&#8230;&#8230;&#8230;&#8230;&#8230;&#8230;.<\/p><p style=\"margin: 0 0 22px 0 !important;\"><strong>Telefonnummer, falls freiwillig angegeben:<\/strong><br \/>&#8230;&#8230;&#8230;&#8230;&#8230;&#8230;&#8230;&#8230;&#8230;&#8230;&#8230;&#8230;&#8230;&#8230;&#8230;&#8230;&#8230;&#8230;&#8230;&#8230;&#8230;&#8230;&#8230;&#8230;&#8230;&#8230;&#8230;&#8230;&#8230;&#8230;&#8230;&#8230;&#8230;&#8230;&#8230;&#8230;&#8230;&#8230;&#8230;&#8230;&#8230;.<\/p><p style=\"margin: 0 0 22px 0 !important;\"><strong>Datum:<\/strong><br \/>&#8230;&#8230;&#8230;&#8230;&#8230;&#8230;&#8230;&#8230;&#8230;&#8230;&#8230;&#8230;&#8230;&#8230;&#8230;&#8230;&#8230;&#8230;&#8230;&#8230;&#8230;&#8230;&#8230;&#8230;&#8230;&#8230;&#8230;&#8230;&#8230;&#8230;&#8230;&#8230;&#8230;&#8230;&#8230;&#8230;&#8230;&#8230;&#8230;&#8230;&#8230;.<\/p><p style=\"margin: 0 0 22px 0 !important;\"><strong>Unterschrift des Verbrauchers \/ der Verbraucher:<\/strong><br \/>Nur erforderlich, wenn dieses Formular auf Papier \u00fcbermittelt wird.<\/p><p style=\"margin: 0 0 22px 0 !important;\">&#8230;&#8230;&#8230;&#8230;&#8230;&#8230;&#8230;&#8230;&#8230;&#8230;&#8230;&#8230;&#8230;&#8230;&#8230;&#8230;&#8230;&#8230;&#8230;&#8230;&#8230;&#8230;&#8230;&#8230;&#8230;&#8230;&#8230;&#8230;&#8230;&#8230;&#8230;&#8230;&#8230;&#8230;&#8230;&#8230;&#8230;&#8230;&#8230;&#8230;&#8230;.<\/p><p style=\"margin: 0 0 18px 0 !important;\">(*) Unzutreffendes bitte streichen.<\/p><h2 style=\"text-align: center !important; font-family: Georgia, 'Times New Roman', serif !important; font-size: 26px !important; line-height: 1.35 !important; font-weight: 700 !important; margin: 52px 0 24px 0 !important; color: #111111 !important;\">R\u00fccksendeadresse f\u00fcr die Ware<\/h2><p style=\"margin: 0 0 18px 0 !important;\">Nach Aus\u00fcbung des Widerrufs senden Sie die Ware bitte an folgende R\u00fccksendeadresse in Polen, sofern Ihnen der Verk\u00e4ufer im Einzelfall keine andere R\u00fccksendeadresse ausdr\u00fccklich mitteilt:<\/p><p style=\"margin: 0 0 18px 0 !important;\"><strong>PATINVEST sp\u00f3\u0142ka z ograniczon\u0105 odpowiedzialno\u015bci\u0105<\/strong><br \/>ul. Kosocicka 90b<br \/>30-694 Krak\u00f3w<br \/>Polen<\/p><p style=\"margin: 0 0 18px 0 !important;\">Die R\u00fccksendeadresse ist nicht zwingend identisch mit dem Versandlager. Bestellungen mit Lieferadresse in Deutschland werden aus einem Warenlager in Deutschland versendet, R\u00fccksendungen und Widerrufssendungen werden jedoch \u00fcber die oben angegebene Retourenadresse in Polen abgewickelt.<\/p><p style=\"margin: 0 0 18px 0 !important;\">Bitte legen Sie der R\u00fccksendung nach M\u00f6glichkeit eine Information bei, anhand derer die R\u00fccksendung eindeutig zugeordnet werden kann, zum Beispiel Bestellnummer, Name, E-Mail-Adresse oder eine Kopie dieses Formulars. Dies ist keine Voraussetzung f\u00fcr die wirksame Aus\u00fcbung des gesetzlichen Widerrufsrechts, erleichtert jedoch die Bearbeitung.<\/p><p style=\"margin: 0 0 18px 0 !important;\">R\u00fccksendungen per Nachnahme werden nicht angenommen. Bitte senden Sie die Ware ausreichend frankiert und transportgerecht verpackt zur\u00fcck.<\/p><h2 style=\"text-align: center !important; font-family: Georgia, 'Times New Roman', serif !important; font-size: 26px !important; line-height: 1.35 !important; font-weight: 700 !important; margin: 52px 0 24px 0 !important; color: #111111 !important;\">Hinweise zur R\u00fccksendung<\/h2><p style=\"margin: 0 0 18px 0 !important;\">Sie tragen die unmittelbaren Kosten der R\u00fccksendung der Waren, sofern nicht im Einzelfall ausdr\u00fccklich etwas anderes vereinbart wurde oder gesetzlich etwas anderes gilt.<\/p><p style=\"margin: 0 0 18px 0 !important;\">Sie k\u00f6nnen den Versanddienstleister f\u00fcr die R\u00fccksendung grunds\u00e4tzlich selbst w\u00e4hlen. Es wird empfohlen, eine Versandart mit Sendungsverfolgung zu verwenden und den Versandnachweis bis zur vollst\u00e4ndigen Bearbeitung der R\u00fccksendung aufzubewahren.<\/p><p style=\"margin: 0 0 18px 0 !important;\">Bitte verpacken Sie die Ware so, dass sie w\u00e4hrend des Transports ausreichend gesch\u00fctzt ist. Die Verwendung der Originalverpackung ist nicht zwingend, kann jedoch die Bearbeitung und den sicheren Transport erleichtern.<\/p><p style=\"margin: 0 0 18px 0 !important;\">Bei Bekleidung und Schuhen darf die Ware zur Pr\u00fcfung der Beschaffenheit, Eigenschaften und Funktionsweise gepr\u00fcft werden. Ein Umgang mit der Ware, der \u00fcber diese Pr\u00fcfung hinausgeht, kann zu einem Wertersatz f\u00fchren, wenn dadurch ein Wertverlust entsteht.<\/p><h2 style=\"text-align: center !important; font-family: Georgia, 'Times New Roman', serif !important; font-size: 26px !important; line-height: 1.35 !important; font-weight: 700 !important; margin: 52px 0 24px 0 !important; color: #111111 !important;\">R\u00fcckzahlung nach Widerruf<\/h2><p style=\"margin: 0 0 18px 0 !important;\">Im Falle eines wirksamen Widerrufs erfolgt die R\u00fcckzahlung grunds\u00e4tzlich \u00fcber dasselbe Zahlungsmittel, das Sie bei der urspr\u00fcnglichen Zahlung verwendet haben, sofern nicht ausdr\u00fccklich etwas anderes vereinbart wurde und Ihnen dadurch keine zus\u00e4tzlichen Kosten entstehen.<\/p><p style=\"margin: 0 0 18px 0 !important;\">Wenn die urspr\u00fcngliche Zahlung per Kartenzahlung \u00fcber Mollie erfolgt ist, wird die R\u00fcckzahlung grunds\u00e4tzlich \u00fcber denselben Zahlungsweg beziehungsweise \u00fcber die urspr\u00fcngliche Transaktion abgewickelt, soweit dies technisch und rechtlich m\u00f6glich ist.<\/p><p style=\"margin: 0 0 18px 0 !important;\">Die R\u00fcckzahlung erfolgt nach Ma\u00dfgabe der gesetzlichen Vorschriften. Wir k\u00f6nnen die R\u00fcckzahlung verweigern, bis wir die Ware zur\u00fcckerhalten haben oder bis Sie den Nachweis erbracht haben, dass Sie die Ware zur\u00fcckgesandt haben, je nachdem, welches der fr\u00fchere Zeitpunkt ist.<\/p><h2 style=\"text-align: center !important; font-family: Georgia, 'Times New Roman', serif !important; font-size: 26px !important; line-height: 1.35 !important; font-weight: 700 !important; margin: 52px 0 24px 0 !important; color: #111111 !important;\">Kontakt bei Fragen zum Widerruf<\/h2><p style=\"margin: 0 0 18px 0 !important;\">Bei Fragen zum Widerruf, zur R\u00fccksendung oder zur R\u00fcckerstattung k\u00f6nnen Sie uns kontaktieren:<\/p><p style=\"margin: 0 0 18px 0 !important;\"><strong>E-Mail:<\/strong><br \/><a style=\"color: #111111 !important; font-weight: 700 !important; text-decoration: none !important;\" href=\"mailto:shop@velvetnira.com\">shop@velvetnira.com<\/a><\/p><p style=\"margin: 0 0 18px 0 !important;\"><strong>Telefon:<\/strong><br \/><a style=\"color: #111111 !important; font-weight: 700 !important; text-decoration: none !important;\" href=\"tel:+48797133250\">+48 797 133 250<\/a><\/p><p style=\"margin: 0 0 18px 0 !important;\"><strong>Servicezeiten:<\/strong><br \/>Montag bis Freitag von 08:00 Uhr bis 16:00 Uhr<\/p><h2 style=\"text-align: center !important; font-family: Georgia, 'Times New Roman', serif !important; font-size: 26px !important; line-height: 1.35 !important; font-weight: 700 !important; margin: 52px 0 24px 0 !important; color: #111111 !important;\">Erg\u00e4nzende rechtliche Seiten<\/h2><p style=\"margin: 0 0 10px 0 !important;\"><a style=\"color: #111111 !important; font-weight: 700 !important; text-decoration: none !important;\" href=\"https:\/\/velvetnira.com\/de\/impressum\/\" target=\"_self\">Impressum<\/a><\/p><p style=\"margin: 0 0 10px 0 !important;\"><a style=\"color: #111111 !important; font-weight: 700 !important; text-decoration: none !important;\" href=\"https:\/\/velvetnira.com\/de\/agb\/\" target=\"_self\">AGB<\/a><\/p><p style=\"margin: 0 0 10px 0 !important;\"><a style=\"color: #111111 !important; font-weight: 700 !important; text-decoration: none !important;\" href=\"https:\/\/velvetnira.com\/de\/datenschutzerklaerung\/\" target=\"_self\">Datenschutzerkl\u00e4rung<\/a><\/p><p style=\"margin: 0 0 10px 0 !important;\"><a style=\"color: #111111 !important; font-weight: 700 !important; text-decoration: none !important;\" href=\"https:\/\/velvetnira.com\/de\/widerrufsbelehrung\/\" target=\"_self\">Widerrufsbelehrung<\/a><\/p><p style=\"margin: 0 0 10px 0 !important;\"><a style=\"color: #111111 !important; font-weight: 700 !important; text-decoration: none !important;\" href=\"https:\/\/velvetnira.com\/de\/muster-widerrufsformular\/\" target=\"_self\">Muster-Widerrufsformular<\/a><\/p><p style=\"margin: 0 0 10px 0 !important;\"><a style=\"color: #111111 !important; font-weight: 700 !important; text-decoration: none !important;\" href=\"https:\/\/velvetnira.com\/de\/versand-lieferung\/\" target=\"_self\">Versand &amp; Lieferung<\/a><\/p><p style=\"margin: 0 0 10px 0 !important;\"><a style=\"color: #111111 !important; font-weight: 700 !important; text-decoration: none !important;\" href=\"https:\/\/velvetnira.com\/de\/zahlungsarten\/\" target=\"_self\">Zahlungsarten<\/a><\/p><p style=\"margin: 0 0 10px 0 !important;\"><a style=\"color: #111111 !important; font-weight: 700 !important; text-decoration: none !important;\" href=\"https:\/\/velvetnira.com\/de\/retouren-reklamationen\/\" target=\"_self\">Retouren &amp; Reklamationen<\/a><\/p><p style=\"margin: 0 0 10px 0 !important;\"><a style=\"color: #111111 !important; font-weight: 700 !important; text-decoration: none !important;\" href=\"https:\/\/velvetnira.com\/de\/cookie-einstellungen\/\" target=\"_self\">Cookie-Einstellungen<\/a><\/p><p style=\"margin: 0 0 18px 0 !important;\"><a style=\"color: #111111 !important; font-weight: 700 !important; text-decoration: none !important;\" href=\"https:\/\/velvetnira.com\/de\/kontakt\/\" target=\"_self\">Kontakt<\/a><\/p><h2 style=\"text-align: center !important; font-family: Georgia, 'Times New Roman', serif !important; font-size: 26px !important; line-height: 1.35 !important; font-weight: 700 !important; margin: 52px 0 24px 0 !important; color: #111111 !important;\">Stand<\/h2><p style=\"margin: 0 0 18px 0 !important;\">Dieses Muster-Widerrufsformular gilt ab dem <strong>27.04.2026<\/strong>.<\/p><\/section>\t\t\t\t\t\t\t\t<\/div>\n\t\t\t\t\t<\/div>\n\t\t\t\t<\/div>\n\t\t\t\t<\/div>\n\t\t","protected":false},"excerpt":{"rendered":"<p>Muster-Widerrufsformular Dieses Muster-Widerrufsformular kann verwendet werden, wenn Sie einen \u00fcber den Online-Shop Velvetnira geschlossenen Vertrag widerrufen m\u00f6chten. Die Nutzung dieses Formulars ist nicht verpflichtend. Sie&#8230;<\/p>\n","protected":false},"author":1,"featured_media":0,"parent":0,"menu_order":0,"comment_status":"closed","ping_status":"closed","template":"","meta":{"footnotes":""},"class_list":["post-9234","page","type-page","status-publish","hentry"],"_hostinger_reach_plugin_has_subscription_block":false,"_hostinger_reach_plugin_is_elementor":false,"_links":{"self":[{"href":"https:\/\/velvetnira.com\/de\/wp-json\/wp\/v2\/pages\/9234","targetHints":{"allow":["GET"]}}],"collection":[{"href":"https:\/\/velvetnira.com\/de\/wp-json\/wp\/v2\/pages"}],"about":[{"href":"https:\/\/velvetnira.com\/de\/wp-json\/wp\/v2\/types\/page"}],"author":[{"embeddable":true,"href":"https:\/\/velvetnira.com\/de\/wp-json\/wp\/v2\/users\/1"}],"replies":[{"embeddable":true,"href":"https:\/\/velvetnira.com\/de\/wp-json\/wp\/v2\/comments?post=9234"}],"version-history":[{"count":7,"href":"https:\/\/velvetnira.com\/de\/wp-json\/wp\/v2\/pages\/9234\/revisions"}],"predecessor-version":[{"id":9369,"href":"https:\/\/velvetnira.com\/de\/wp-json\/wp\/v2\/pages\/9234\/revisions\/9369"}],"wp:attachment":[{"href":"https:\/\/velvetnira.com\/de\/wp-json\/wp\/v2\/media?parent=9234"}],"curies":[{"name":"wp","href":"https:\/\/api.w.org\/{rel}","templated":true}]}}