{"id":9232,"date":"2026-04-23T20:43:56","date_gmt":"2026-04-23T20:43:56","guid":{"rendered":"https:\/\/velvetnira.com\/?page_id=9232"},"modified":"2026-04-29T20:11:13","modified_gmt":"2026-04-29T20:11:13","slug":"widerrufsbelehrung","status":"publish","type":"page","link":"https:\/\/velvetnira.com\/de\/widerrufsbelehrung\/","title":{"rendered":"Widerrufsbelehrung"},"content":{"rendered":"\t\t<div data-elementor-type=\"wp-page\" data-elementor-id=\"9232\" class=\"elementor elementor-9232\" data-elementor-post-type=\"page\">\n\t\t\t\t<div class=\"elementor-element elementor-element-56a1a68 e-flex e-con-boxed e-con e-parent\" data-id=\"56a1a68\" data-element_type=\"container\" data-e-type=\"container\">\n\t\t\t\t\t<div class=\"e-con-inner\">\n\t\t\t\t<div class=\"elementor-element elementor-element-7337369 elementor-widget elementor-widget-text-editor\" data-id=\"7337369\" data-element_type=\"widget\" data-e-type=\"widget\" data-widget_type=\"text-editor.default\">\n\t\t\t\t\t\t\t\t\t<section lang=\"de\" style=\"max-width: 1000px !important; margin: 0 auto !important; padding: 40px 20px 70px !important; font-family: Georgia, 'Times New Roman', serif !important; font-size: 17px !important; line-height: 1.85 !important; color: #111111 !important; background: #ffffff !important;\"><h1 style=\"text-align: center !important; font-family: Georgia, 'Times New Roman', serif !important; font-size: 36px !important; line-height: 1.25 !important; font-weight: 700 !important; margin: 0 0 36px 0 !important; color: #111111 !important;\">Widerrufsbelehrung<\/h1><p style=\"margin: 0 0 18px 0 !important;\">Diese Widerrufsbelehrung informiert Verbraucher \u00fcber ihr gesetzliches Widerrufsrecht bei Bestellungen im deutschsprachigen Online-Shop <strong>Velvetnira<\/strong>, erreichbar unter<br \/><a style=\"color: #111111 !important; font-weight: 700 !important; text-decoration: none !important;\" href=\"https:\/\/velvetnira.com\/de\/\" target=\"_self\">velvetnira.com\/de<\/a>.<\/p><p style=\"margin: 0 0 18px 0 !important;\">Die nachstehenden Informationen gelten f\u00fcr Verbraucher, die \u00fcber den Online-Shop Waren bestellen. Verbraucher ist jede nat\u00fcrliche Person, die ein Rechtsgesch\u00e4ft zu Zwecken abschlie\u00dft, die \u00fcberwiegend weder ihrer gewerblichen noch ihrer selbstst\u00e4ndigen beruflichen T\u00e4tigkeit zugerechnet werden k\u00f6nnen.<\/p><p style=\"margin: 0 0 18px 0 !important;\">Bestellungen mit Lieferadresse in Deutschland werden aus einem Warenlager in Deutschland versendet. R\u00fccksendungen im Rahmen des Widerrufsrechts sind jedoch an die unten angegebene R\u00fccksendeadresse in Polen zu senden, sofern der Verk\u00e4ufer im Einzelfall keine andere R\u00fccksendeadresse ausdr\u00fccklich mitteilt.<\/p><p style=\"margin: 0 0 18px 0 !important;\">Diese Widerrufsbelehrung gilt ab dem <strong>27.04.2026<\/strong>.<\/p><h2 style=\"text-align: center !important; font-family: Georgia, 'Times New Roman', serif !important; font-size: 26px !important; line-height: 1.35 !important; font-weight: 700 !important; margin: 52px 0 24px 0 !important; color: #111111 !important;\">Widerrufsrecht<\/h2><p style=\"margin: 0 0 18px 0 !important;\">Sie haben das Recht, binnen <strong>vierzehn Tagen<\/strong> ohne Angabe von Gr\u00fcnden diesen Vertrag zu widerrufen.<\/p><p style=\"margin: 0 0 18px 0 !important;\">Die Widerrufsfrist betr\u00e4gt vierzehn Tage ab dem Tag, an dem Sie oder ein von Ihnen benannter Dritter, der nicht der Bef\u00f6rderer ist, die Waren in Besitz genommen haben beziehungsweise hat.<\/p><p style=\"margin: 0 0 18px 0 !important;\">Wenn Sie im Rahmen einer einheitlichen Bestellung mehrere Waren bestellt haben und diese getrennt geliefert werden, betr\u00e4gt die Widerrufsfrist vierzehn Tage ab dem Tag, an dem Sie oder ein von Ihnen benannter Dritter, der nicht der Bef\u00f6rderer ist, die letzte Ware in Besitz genommen haben beziehungsweise hat.<\/p><p style=\"margin: 0 0 18px 0 !important;\">Wenn eine Ware in mehreren Teilsendungen oder St\u00fccken geliefert wird, betr\u00e4gt die Widerrufsfrist vierzehn Tage ab dem Tag, an dem Sie oder ein von Ihnen benannter Dritter, der nicht der Bef\u00f6rderer ist, die letzte Teilsendung oder das letzte St\u00fcck in Besitz genommen haben beziehungsweise hat.<\/p><h2 style=\"text-align: center !important; font-family: Georgia, 'Times New Roman', serif !important; font-size: 26px !important; line-height: 1.35 !important; font-weight: 700 !important; margin: 52px 0 24px 0 !important; color: #111111 !important;\">Aus\u00fcbung des Widerrufsrechts<\/h2><p style=\"margin: 0 0 18px 0 !important;\">Um Ihr Widerrufsrecht auszu\u00fcben, m\u00fcssen Sie uns mittels einer eindeutigen Erkl\u00e4rung \u00fcber Ihren Entschluss informieren, diesen Vertrag zu widerrufen.<\/p><p style=\"margin: 0 0 18px 0 !important;\">Der Widerruf kann insbesondere per E-Mail oder per Brief erkl\u00e4rt werden.<\/p><p style=\"margin: 0 0 18px 0 !important;\"><strong>Empf\u00e4nger des Widerrufs:<\/strong><br \/>PATINVEST sp\u00f3\u0142ka z ograniczon\u0105 odpowiedzialno\u015bci\u0105<br \/>ul. G\u00f3rczewska 222\/290<br \/>01-460 Warszawa<br \/>Polen<\/p><p style=\"margin: 0 0 18px 0 !important;\"><strong>E-Mail:<\/strong><br \/><a style=\"color: #111111 !important; font-weight: 700 !important; text-decoration: none !important;\" href=\"mailto:shop@velvetnira.com\">shop@velvetnira.com<\/a><\/p><p style=\"margin: 0 0 18px 0 !important;\"><strong>Telefon:<\/strong><br \/><a style=\"color: #111111 !important; font-weight: 700 !important; text-decoration: none !important;\" href=\"tel:+48797133250\">+48 797 133 250<\/a><\/p><p style=\"margin: 0 0 18px 0 !important;\">Sie k\u00f6nnen daf\u00fcr das von uns bereitgestellte<br \/><a style=\"color: #111111 !important; font-weight: 700 !important; text-decoration: none !important;\" href=\"https:\/\/velvetnira.com\/de\/muster-widerrufsformular\/\" target=\"_self\">Muster-Widerrufsformular<\/a><br \/>verwenden. Die Verwendung dieses Formulars ist jedoch nicht vorgeschrieben.<\/p><p style=\"margin: 0 0 18px 0 !important;\">Zur Wahrung der Widerrufsfrist reicht es aus, dass Sie die Mitteilung \u00fcber die Aus\u00fcbung des Widerrufsrechts vor Ablauf der Widerrufsfrist absenden.<\/p><h2 style=\"text-align: center !important; font-family: Georgia, 'Times New Roman', serif !important; font-size: 26px !important; line-height: 1.35 !important; font-weight: 700 !important; margin: 52px 0 24px 0 !important; color: #111111 !important;\">R\u00fccksendeadresse<\/h2><p style=\"margin: 0 0 18px 0 !important;\">Die Waren sind an folgende R\u00fccksendeadresse in Polen zur\u00fcckzusenden, sofern wir Ihnen im Einzelfall keine andere Adresse ausdr\u00fccklich mitteilen:<\/p><p style=\"margin: 0 0 18px 0 !important;\"><strong>PATINVEST sp\u00f3\u0142ka z ograniczon\u0105 odpowiedzialno\u015bci\u0105<\/strong><br \/>ul. Kosocicka 90b<br \/>30-694 Krak\u00f3w<br \/>Polen<\/p><p style=\"margin: 0 0 18px 0 !important;\">Die R\u00fccksendeadresse ist nicht identisch mit dem Versandlager. Bestellungen mit Lieferadresse in Deutschland werden aus einem Warenlager in Deutschland versendet. R\u00fccksendungen, Widerrufssendungen, Umtauschsendungen und reklamationsbezogene Warensendungen werden jedoch \u00fcber die oben angegebene Adresse in Polen abgewickelt.<\/p><p style=\"margin: 0 0 18px 0 !important;\">Bitte senden Sie die Ware nicht per Nachnahme zur\u00fcck. R\u00fccksendungen per Nachnahme werden nicht angenommen, da bei solchen Sendungen unmittelbar bei Annahme zus\u00e4tzliche Kosten entstehen w\u00fcrden.<\/p><p style=\"margin: 0 0 18px 0 !important;\">Bitte achten Sie darauf, die Ware sicher und transportgerecht zu verpacken. Die Verwendung der Originalverpackung ist nicht zwingend, kann jedoch helfen, Transportsch\u00e4den zu vermeiden und die Bearbeitung der R\u00fccksendung zu erleichtern.<\/p><h2 style=\"text-align: center !important; font-family: Georgia, 'Times New Roman', serif !important; font-size: 26px !important; line-height: 1.35 !important; font-weight: 700 !important; margin: 52px 0 24px 0 !important; color: #111111 !important;\">Folgen des Widerrufs<\/h2><p style=\"margin: 0 0 18px 0 !important;\">Wenn Sie diesen Vertrag widerrufen, haben wir Ihnen alle Zahlungen, die wir von Ihnen erhalten haben, einschlie\u00dflich der Lieferkosten, unverz\u00fcglich und sp\u00e4testens binnen vierzehn Tagen ab dem Tag zur\u00fcckzuzahlen, an dem die Mitteilung \u00fcber Ihren Widerruf dieses Vertrags bei uns eingegangen ist.<\/p><p style=\"margin: 0 0 18px 0 !important;\">F\u00fcr diese R\u00fcckzahlung verwenden wir dasselbe Zahlungsmittel, das Sie bei der urspr\u00fcnglichen Transaktion eingesetzt haben, es sei denn, mit Ihnen wurde ausdr\u00fccklich etwas anderes vereinbart. In keinem Fall werden Ihnen wegen dieser R\u00fcckzahlung Entgelte berechnet.<\/p><p style=\"margin: 0 0 18px 0 !important;\">Wenn die urspr\u00fcngliche Zahlung per Kartenzahlung \u00fcber Mollie erfolgt ist, wird die R\u00fcckzahlung grunds\u00e4tzlich \u00fcber denselben Zahlungsweg beziehungsweise \u00fcber die urspr\u00fcngliche Transaktion abgewickelt, soweit dies technisch und rechtlich m\u00f6glich ist.<\/p><p style=\"margin: 0 0 18px 0 !important;\">Da die Lieferung im Online-Shop derzeit kostenlos angeboten wird, werden im Regelfall keine gesondert gezahlten Standardlieferkosten erstattet. Sollten im Einzelfall Lieferkosten berechnet worden sein, werden diese nach den gesetzlichen Vorschriften erstattet. Zus\u00e4tzliche Kosten, die sich daraus ergeben, dass Sie eine andere Art der Lieferung als die von uns angebotene g\u00fcnstigste Standardlieferung gew\u00e4hlt haben, werden nicht erstattet.<\/p><p style=\"margin: 0 0 18px 0 !important;\">Wir k\u00f6nnen die R\u00fcckzahlung verweigern, bis wir die Waren wieder zur\u00fcckerhalten haben oder bis Sie den Nachweis erbracht haben, dass Sie die Waren zur\u00fcckgesandt haben, je nachdem, welches der fr\u00fchere Zeitpunkt ist.<\/p><h2 style=\"text-align: center !important; font-family: Georgia, 'Times New Roman', serif !important; font-size: 26px !important; line-height: 1.35 !important; font-weight: 700 !important; margin: 52px 0 24px 0 !important; color: #111111 !important;\">R\u00fccksendefrist<\/h2><p style=\"margin: 0 0 18px 0 !important;\">Sie haben die Waren unverz\u00fcglich und in jedem Fall sp\u00e4testens binnen vierzehn Tagen ab dem Tag, an dem Sie uns \u00fcber den Widerruf dieses Vertrags unterrichten, an uns zur\u00fcckzusenden oder zu \u00fcbergeben.<\/p><p style=\"margin: 0 0 18px 0 !important;\">Die Frist ist gewahrt, wenn Sie die Waren vor Ablauf der Frist von vierzehn Tagen absenden.<\/p><h2 style=\"text-align: center !important; font-family: Georgia, 'Times New Roman', serif !important; font-size: 26px !important; line-height: 1.35 !important; font-weight: 700 !important; margin: 52px 0 24px 0 !important; color: #111111 !important;\">Kosten der R\u00fccksendung<\/h2><p style=\"margin: 0 0 18px 0 !important;\">Sie tragen die unmittelbaren Kosten der R\u00fccksendung der Waren.<\/p><p style=\"margin: 0 0 18px 0 !important;\">Sie k\u00f6nnen den Versanddienstleister f\u00fcr die R\u00fccksendung grunds\u00e4tzlich selbst w\u00e4hlen. Es wird empfohlen, eine Versandart mit Sendungsverfolgung zu nutzen und den Versandnachweis bis zur vollst\u00e4ndigen Bearbeitung der R\u00fccksendung aufzubewahren.<\/p><p style=\"margin: 0 0 18px 0 !important;\">Weitere praktische Informationen zur R\u00fccksendung finden Sie auf der Seite<br \/><a style=\"color: #111111 !important; font-weight: 700 !important; text-decoration: none !important;\" href=\"https:\/\/velvetnira.com\/de\/retouren-reklamationen\/\" target=\"_self\">Retouren &amp; Reklamationen<\/a>.<\/p><h2 style=\"text-align: center !important; font-family: Georgia, 'Times New Roman', serif !important; font-size: 26px !important; line-height: 1.35 !important; font-weight: 700 !important; margin: 52px 0 24px 0 !important; color: #111111 !important;\">Wertersatz bei Gebrauch der Ware<\/h2><p style=\"margin: 0 0 18px 0 !important;\">Sie m\u00fcssen f\u00fcr einen etwaigen Wertverlust der Waren nur aufkommen, wenn dieser Wertverlust auf einen Umgang mit den Waren zur\u00fcckzuf\u00fchren ist, der zur Pr\u00fcfung der Beschaffenheit, Eigenschaften und Funktionsweise der Waren nicht notwendig war.<\/p><p style=\"margin: 0 0 18px 0 !important;\">Bei Bekleidung und Schuhen ist eine Pr\u00fcfung der Ware grunds\u00e4tzlich zul\u00e4ssig, wie sie auch in einem Ladengesch\u00e4ft m\u00f6glich w\u00e4re. Eine dar\u00fcber hinausgehende Nutzung, insbesondere l\u00e4ngeres Tragen im Alltag, Verschmutzung, Besch\u00e4digung, Entfernen wesentlicher Etiketten oder Gebrauchsspuren, die \u00fcber eine Pr\u00fcfung hinausgehen, kann zu einem Wertersatzanspruch f\u00fchren.<\/p><h2 style=\"text-align: center !important; font-family: Georgia, 'Times New Roman', serif !important; font-size: 26px !important; line-height: 1.35 !important; font-weight: 700 !important; margin: 52px 0 24px 0 !important; color: #111111 !important;\">Zustand der zur\u00fcckgesendeten Ware<\/h2><p style=\"margin: 0 0 18px 0 !important;\">Bitte senden Sie die Ware nach M\u00f6glichkeit vollst\u00e4ndig, sauber, sicher verpackt und mit allen zugeh\u00f6rigen Bestandteilen zur\u00fcck. Dies erleichtert die Zuordnung und Bearbeitung der R\u00fccksendung.<\/p><p style=\"margin: 0 0 18px 0 !important;\">Diese Bitte ist keine Voraussetzung f\u00fcr die wirksame Aus\u00fcbung des gesetzlichen Widerrufsrechts. Ihr gesetzliches Widerrufsrecht besteht unabh\u00e4ngig davon, ob Sie die Originalverpackung verwenden. Gesetzliche Wertersatzregelungen bleiben jedoch unber\u00fchrt.<\/p><h2 style=\"text-align: center !important; font-family: Georgia, 'Times New Roman', serif !important; font-size: 26px !important; line-height: 1.35 !important; font-weight: 700 !important; margin: 52px 0 24px 0 !important; color: #111111 !important;\">Keine Annahme von Nachnahmesendungen<\/h2><p style=\"margin: 0 0 18px 0 !important;\">R\u00fccksendungen per Nachnahme werden nicht angenommen. Bitte senden Sie R\u00fccksendungen ausreichend frankiert und ordnungsgem\u00e4\u00df adressiert an die oben genannte R\u00fccksendeadresse.<\/p><p style=\"margin: 0 0 18px 0 !important;\">Diese Regelung betrifft ausschlie\u00dflich die Versandform der R\u00fccksendung. Ihre gesetzlichen Rechte im Zusammenhang mit Widerruf, M\u00e4ngelrechten oder Reklamationen bleiben unber\u00fchrt.<\/p><h2 style=\"text-align: center !important; font-family: Georgia, 'Times New Roman', serif !important; font-size: 26px !important; line-height: 1.35 !important; font-weight: 700 !important; margin: 52px 0 24px 0 !important; color: #111111 !important;\">Ausschluss beziehungsweise Erl\u00f6schen des Widerrufsrechts<\/h2><p style=\"margin: 0 0 18px 0 !important;\">Das Widerrufsrecht besteht nicht oder kann vorzeitig erl\u00f6schen, soweit ein gesetzlicher Ausschlussgrund vorliegt.<\/p><p style=\"margin: 0 0 18px 0 !important;\">Das Widerrufsrecht besteht insbesondere nicht bei Vertr\u00e4gen zur Lieferung von Waren, die nicht vorgefertigt sind und f\u00fcr deren Herstellung eine individuelle Auswahl oder Bestimmung durch den Verbraucher ma\u00dfgeblich ist oder die eindeutig auf die pers\u00f6nlichen Bed\u00fcrfnisse des Verbrauchers zugeschnitten sind.<\/p><p style=\"margin: 0 0 18px 0 !important;\">Das Widerrufsrecht kann au\u00dferdem bei versiegelten Waren ausgeschlossen sein, die aus Gr\u00fcnden des Gesundheitsschutzes oder der Hygiene nicht zur R\u00fcckgabe geeignet sind, wenn ihre Versiegelung nach der Lieferung entfernt wurde.<\/p><p style=\"margin: 0 0 18px 0 !important;\">Diese Ausschl\u00fcsse gelten nur, wenn die gesetzlichen Voraussetzungen im konkreten Einzelfall erf\u00fcllt sind. F\u00fcr gew\u00f6hnliche Bekleidung und Schuhe gilt das gesetzliche Widerrufsrecht grunds\u00e4tzlich nach den gesetzlichen Vorschriften.<\/p><h2 style=\"text-align: center !important; font-family: Georgia, 'Times New Roman', serif !important; font-size: 26px !important; line-height: 1.35 !important; font-weight: 700 !important; margin: 52px 0 24px 0 !important; color: #111111 !important;\">Verh\u00e4ltnis zu Reklamationen und Gew\u00e4hrleistungsrechten<\/h2><p style=\"margin: 0 0 18px 0 !important;\">Das Widerrufsrecht ist von gesetzlichen M\u00e4ngelrechten zu unterscheiden. Wenn eine Ware mangelhaft, besch\u00e4digt, falsch geliefert oder nicht vertragsgem\u00e4\u00df ist, k\u00f6nnen Ihnen unabh\u00e4ngig vom Widerrufsrecht gesetzliche Gew\u00e4hrleistungsrechte zustehen.<\/p><p style=\"margin: 0 0 18px 0 !important;\">Wenn Sie eine Reklamation einreichen m\u00f6chten, k\u00f6nnen Sie uns unter<br \/><a style=\"color: #111111 !important; font-weight: 700 !important; text-decoration: none !important;\" href=\"mailto:shop@velvetnira.com\">shop@velvetnira.com<\/a><br \/>kontaktieren.<\/p><p style=\"margin: 0 0 18px 0 !important;\">Weitere Informationen zur Reklamationsbearbeitung finden Sie auf der Seite<br \/><a style=\"color: #111111 !important; font-weight: 700 !important; text-decoration: none !important;\" href=\"https:\/\/velvetnira.com\/de\/retouren-reklamationen\/\" target=\"_self\">Retouren &amp; Reklamationen<\/a>.<\/p><h2 style=\"text-align: center !important; font-family: Georgia, 'Times New Roman', serif !important; font-size: 26px !important; line-height: 1.35 !important; font-weight: 700 !important; margin: 52px 0 24px 0 !important; color: #111111 !important;\">Freiwilliger Umtausch<\/h2><p style=\"margin: 0 0 18px 0 !important;\">Neben dem gesetzlichen Widerrufsrecht kann der Verk\u00e4ufer aus Servicegr\u00fcnden einen freiwilligen Umtausch innerhalb von 14 Tagen erm\u00f6glichen, insbesondere wenn eine andere Gr\u00f6\u00dfe, Farbe oder Variante gew\u00fcnscht wird.<\/p><p style=\"margin: 0 0 18px 0 !important;\">Ein freiwilliger Umtausch ist kein Ersatz f\u00fcr das gesetzliche Widerrufsrecht. Die gesetzlichen Rechte des Verbrauchers bleiben vollst\u00e4ndig unber\u00fchrt.<\/p><p style=\"margin: 0 0 18px 0 !important;\">Einzelheiten zum freiwilligen Umtausch finden Sie auf der Seite<br \/><a style=\"color: #111111 !important; font-weight: 700 !important; text-decoration: none !important;\" href=\"https:\/\/velvetnira.com\/de\/retouren-reklamationen\/\" target=\"_self\">Retouren &amp; Reklamationen<\/a>.<\/p><h2 style=\"text-align: center !important; font-family: Georgia, 'Times New Roman', serif !important; font-size: 26px !important; line-height: 1.35 !important; font-weight: 700 !important; margin: 52px 0 24px 0 !important; color: #111111 !important;\">Kontakt bei Fragen zum Widerruf<\/h2><p style=\"margin: 0 0 18px 0 !important;\">Bei Fragen zum Widerruf, zur R\u00fccksendung oder zur R\u00fcckerstattung k\u00f6nnen Sie uns kontaktieren:<\/p><p style=\"margin: 0 0 18px 0 !important;\"><strong>E-Mail:<\/strong><br \/><a style=\"color: #111111 !important; font-weight: 700 !important; text-decoration: none !important;\" href=\"mailto:shop@velvetnira.com\">shop@velvetnira.com<\/a><\/p><p style=\"margin: 0 0 18px 0 !important;\"><strong>Telefon:<\/strong><br \/><a style=\"color: #111111 !important; font-weight: 700 !important; text-decoration: none !important;\" href=\"tel:+48797133250\">+48 797 133 250<\/a><\/p><p style=\"margin: 0 0 18px 0 !important;\"><strong>Servicezeiten:<\/strong><br \/>Montag bis Freitag von 08:00 Uhr bis 16:00 Uhr<\/p><h2 style=\"text-align: center !important; font-family: Georgia, 'Times New Roman', serif !important; font-size: 26px !important; line-height: 1.35 !important; font-weight: 700 !important; margin: 52px 0 24px 0 !important; color: #111111 !important;\">Rechtliche Seiten des Online-Shops<\/h2><p style=\"margin: 0 0 10px 0 !important;\"><a style=\"color: #111111 !important; font-weight: 700 !important; text-decoration: none !important;\" href=\"https:\/\/velvetnira.com\/de\/impressum\/\" target=\"_self\">Impressum<\/a><\/p><p style=\"margin: 0 0 10px 0 !important;\"><a style=\"color: #111111 !important; font-weight: 700 !important; text-decoration: none !important;\" href=\"https:\/\/velvetnira.com\/de\/agb\/\" target=\"_self\">AGB<\/a><\/p><p style=\"margin: 0 0 10px 0 !important;\"><a style=\"color: #111111 !important; font-weight: 700 !important; text-decoration: none !important;\" href=\"https:\/\/velvetnira.com\/de\/datenschutzerklaerung\/\" target=\"_self\">Datenschutzerkl\u00e4rung<\/a><\/p><p style=\"margin: 0 0 10px 0 !important;\"><a style=\"color: #111111 !important; font-weight: 700 !important; text-decoration: none !important;\" href=\"https:\/\/velvetnira.com\/de\/widerrufsbelehrung\/\" target=\"_self\">Widerrufsbelehrung<\/a><\/p><p style=\"margin: 0 0 10px 0 !important;\"><a style=\"color: #111111 !important; font-weight: 700 !important; text-decoration: none !important;\" href=\"https:\/\/velvetnira.com\/de\/muster-widerrufsformular\/\" target=\"_self\">Muster-Widerrufsformular<\/a><\/p><p style=\"margin: 0 0 10px 0 !important;\"><a style=\"color: #111111 !important; font-weight: 700 !important; text-decoration: none !important;\" href=\"https:\/\/velvetnira.com\/de\/versand-lieferung\/\" target=\"_self\">Versand &amp; Lieferung<\/a><\/p><p style=\"margin: 0 0 10px 0 !important;\"><a style=\"color: #111111 !important; font-weight: 700 !important; text-decoration: none !important;\" href=\"https:\/\/velvetnira.com\/de\/zahlungsarten\/\" target=\"_self\">Zahlungsarten<\/a><\/p><p style=\"margin: 0 0 10px 0 !important;\"><a style=\"color: #111111 !important; font-weight: 700 !important; text-decoration: none !important;\" href=\"https:\/\/velvetnira.com\/de\/retouren-reklamationen\/\" target=\"_self\">Retouren &amp; Reklamationen<\/a><\/p><p style=\"margin: 0 0 10px 0 !important;\"><a style=\"color: #111111 !important; font-weight: 700 !important; text-decoration: none !important;\" href=\"https:\/\/velvetnira.com\/de\/cookie-einstellungen\/\" target=\"_self\">Cookie-Einstellungen<\/a><\/p><p style=\"margin: 0 0 18px 0 !important;\"><a style=\"color: #111111 !important; font-weight: 700 !important; text-decoration: none !important;\" href=\"https:\/\/velvetnira.com\/de\/kontakt\/\" target=\"_self\">Kontakt<\/a><\/p><h2 style=\"text-align: center !important; font-family: Georgia, 'Times New Roman', serif !important; font-size: 26px !important; line-height: 1.35 !important; font-weight: 700 !important; margin: 52px 0 24px 0 !important; color: #111111 !important;\">Stand<\/h2><p style=\"margin: 0 0 18px 0 !important;\">Diese Widerrufsbelehrung gilt ab dem <strong>27.04.2026<\/strong>.<\/p><\/section>\t\t\t\t\t\t\t\t<\/div>\n\t\t\t\t\t<\/div>\n\t\t\t\t<\/div>\n\t\t\t\t<\/div>\n\t\t","protected":false},"excerpt":{"rendered":"<p>Widerrufsbelehrung Diese Widerrufsbelehrung informiert Verbraucher \u00fcber ihr gesetzliches Widerrufsrecht bei Bestellungen im deutschsprachigen Online-Shop Velvetnira, erreichbar untervelvetnira.com\/de. Die nachstehenden Informationen gelten f\u00fcr Verbraucher, die \u00fcber&#8230;<\/p>\n","protected":false},"author":1,"featured_media":0,"parent":0,"menu_order":0,"comment_status":"closed","ping_status":"closed","template":"","meta":{"footnotes":""},"class_list":["post-9232","page","type-page","status-publish","hentry"],"_hostinger_reach_plugin_has_subscription_block":false,"_hostinger_reach_plugin_is_elementor":false,"_links":{"self":[{"href":"https:\/\/velvetnira.com\/de\/wp-json\/wp\/v2\/pages\/9232","targetHints":{"allow":["GET"]}}],"collection":[{"href":"https:\/\/velvetnira.com\/de\/wp-json\/wp\/v2\/pages"}],"about":[{"href":"https:\/\/velvetnira.com\/de\/wp-json\/wp\/v2\/types\/page"}],"author":[{"embeddable":true,"href":"https:\/\/velvetnira.com\/de\/wp-json\/wp\/v2\/users\/1"}],"replies":[{"embeddable":true,"href":"https:\/\/velvetnira.com\/de\/wp-json\/wp\/v2\/comments?post=9232"}],"version-history":[{"count":7,"href":"https:\/\/velvetnira.com\/de\/wp-json\/wp\/v2\/pages\/9232\/revisions"}],"predecessor-version":[{"id":9382,"href":"https:\/\/velvetnira.com\/de\/wp-json\/wp\/v2\/pages\/9232\/revisions\/9382"}],"wp:attachment":[{"href":"https:\/\/velvetnira.com\/de\/wp-json\/wp\/v2\/media?parent=9232"}],"curies":[{"name":"wp","href":"https:\/\/api.w.org\/{rel}","templated":true}]}}